{"id":93,"date":"2015-04-08T13:15:21","date_gmt":"2015-04-08T13:15:21","guid":{"rendered":"https:\/\/www.ovladampocitace.sk\/wordpress-6\/?page_id=93"},"modified":"2022-10-05T13:19:54","modified_gmt":"2022-10-05T11:19:54","slug":"o-wordpress-e","status":"publish","type":"page","link":"https:\/\/www.ovladampocitace.sk\/wordpress-6\/?page_id=93","title":{"rendered":"O WordPress-e"},"content":{"rendered":"<h1 class=\"page-title entry-title\" style=\"margin: 0px 0px 21px; padding: 0px; vertical-align: baseline; outline: none; font-size: 36px; border: none; color: #000000; font-family: Georgia, Arial, Verdana, sans-serif; font-stretch: normal; line-height: 1em; text-rendering: optimizelegibility; background-image: initial; background-attachment: initial; background-size: initial; background-origin: initial; background-clip: initial; background-position: initial; background-repeat: initial;\"><a style=\"margin: 0px; padding: 0px; vertical-align: baseline; outline: none; border: none; text-decoration: none; cursor: pointer; color: #555555; background: transparent;\" href=\"http:\/\/wp.sk\/o-wordpress\/\">O WordPress<\/a><\/h1>\n<div class=\"entry-content\" style=\"margin: 0px 0px 10px; padding: 0px; vertical-align: baseline; outline: none; font-size: 16px; border: none; text-align: justify; color: #000000; font-family: Georgia, Times, 'Times New Roman', serif; line-height: 25.6000003814697px; background-image: initial; background-attachment: initial; background-size: initial; background-origin: initial; background-clip: initial; background-position: initial; background-repeat: initial;\">\n<p style=\"margin: 0px 0px 18px; padding: 0px; vertical-align: baseline; outline: none; border: none; background: transparent;\"><strong style=\"margin: 0px; padding: 0px; vertical-align: baseline; outline: none; border: none; background: transparent;\">WordPress<\/strong>\u00a0je webov\u00fd softv\u00e9r, pomocou ktor\u00e9ho m\u00f4\u017eete vytvori\u0165\u00a0n\u00e1dhern\u00fa webov\u00fa str\u00e1nku alebo blog. Desiatky mili\u00f3nov \u013eud\u00ed pou\u017e\u00edvaj\u00fa tento\u00a0<strong style=\"margin: 0px; padding: 0px; vertical-align: baseline; outline: none; border: none; background: transparent;\">redak\u010dn\u00fd syst\u00e9m<\/strong>\u00a0(CMS) na jednoduch\u00fa tvorbu a spr\u00e1vu obsahu na svojich str\u00e1nkach.<\/p>\n<p style=\"margin: 0px 0px 18px; padding: 0px; vertical-align: baseline; outline: none; border: none; background: transparent;\">WordPress je\u00a0<strong style=\"margin: 0px; padding: 0px; vertical-align: baseline; outline: none; border: none; background: transparent;\">slobodn\u00fd softv\u00e9r<\/strong>\u00a0a je distribuovan\u00fd bezplatne. K dispoz\u00edcii s\u00fa\u00a0<strong style=\"margin: 0px; padding: 0px; vertical-align: baseline; outline: none; border: none; background: transparent;\">tis\u00edce\u00a0modulov\u00a0a\u00a0t\u00e9m<\/strong>\u00a0na roz\u0161\u00edrenie funk\u010dnosti\u00a0a \u00fapravu vzh\u013eadu.\u00a0Jadro WordPress vyv\u00edjaj\u00fa stovky dobrovo\u013en\u00edkov a okolo WordPress existuje\u00a0\u00fa\u017easn\u00e1\u00a0<strong style=\"margin: 0px; padding: 0px; vertical-align: baseline; outline: none; border: none; background: transparent;\">komunita<\/strong>\u00a0\u013eud\u00ed, ktor\u00ed si navz\u00e1jom radia a pom\u00e1haj\u00fa.<\/p>\n<h3 style=\"margin: 0px 0px 18px; padding: 0px; vertical-align: baseline; outline: none; font-size: 19px; border: none; font-weight: bold; font-family: Georgia, Arial, Verdana, sans-serif; background: transparent;\">Za\u010d\u00edname s WordPress<\/h3>\n<h3 style=\"margin: 0px 0px 18px; padding: 0px; vertical-align: baseline; outline: none; font-size: 19px; border: none; font-weight: bold; font-family: Georgia, Arial, Verdana, sans-serif; background: transparent;\">Hist\u00f3ria WordPress<\/h3>\n<p style=\"margin: 0px 0px 18px; padding: 0px; vertical-align: baseline; outline: none; border: none; background: transparent;\">WordPress vznikol za\u010diatkom roku 2003, kedy ho\u00a0Matt Mullenweg\u00a0a Mike Little vyvinuli ako n\u00e1stupcu platformy b2\/cafe. V marci 2003 zaregistroval Matt dom\u00e9nu\u00a0<em style=\"margin: 0px; padding: 0px; vertical-align: baseline; outline: none; border: none; background: transparent;\">WordPress.org<\/em>a prv\u00e1 verejn\u00e1 verzia WordPress 0.7 vy\u0161la 27. m\u00e1ja 2003.<\/p>\n<p style=\"margin: 0px 0px 18px; padding: 0px; vertical-align: baseline; outline: none; border: none; background: transparent;\">Rok 2005 bol pre WordPress zlomov\u00fd. Verzia WordPress 1.5, ktor\u00e1 priniesla grafick\u00e9 t\u00e9my, edit\u00e1ciu statick\u00fdch str\u00e1nok a moder\u00e1ciu, zaznamenala vy\u0161e 900.000 stiahnut\u00ed. N\u00e1sledne bola zalo\u017een\u00e1 spolo\u010dnos\u0165\u00a0Automattic\u00a0a v marci 2006 zaregistrovan\u00e1 ochrann\u00e1 zn\u00e1mka\u00a0<em style=\"margin: 0px; padding: 0px; vertical-align: baseline; outline: none; border: none; background: transparent;\">WordPress<\/em>.<\/p>\n<p style=\"margin: 0px 0px 18px; padding: 0px; vertical-align: baseline; outline: none; border: none; background: transparent;\">Koncom roka 2005 bola spusten\u00e1 bezplatn\u00e1 hostingov\u00e1 slu\u017eba\u00a0<a style=\"margin: 0px; padding: 0px; vertical-align: baseline; outline: none; border: none; text-decoration: none; cursor: pointer; color: #4ca6cf; background: transparent;\" title=\"WordPress.com\" href=\"http:\/\/wordpress.com\/\" target=\"_blank\" rel=\"noopener noreferrer\">WordPress.com<\/a>. T\u00e1to slu\u017eba predstavuje pou\u017e\u00edvate\u013eom najjednoduch\u0161\u00ed sp\u00f4sob ako blogova\u0165 na WordPress.<\/p>\n<p style=\"margin: 0px 0px 18px; padding: 0px; vertical-align: baseline; outline: none; border: none; background: transparent;\">Nov\u0161ie verzie priniesli zjednodu\u0161enie pou\u017e\u00edvania syst\u00e9mu. Verzia 2.1 priniesla automatick\u00e9 ukladanie pre z\u00e1budliv\u00fdch pou\u017e\u00edvate\u013eov a verzia 2.7 automatick\u00e9 aktualiz\u00e1cie pre zv\u00fd\u0161enie bezpe\u010dnosti.<\/p>\n<p style=\"margin: 0px 0px 18px; padding: 0px; vertical-align: baseline; outline: none; border: none; background: transparent;\">V roku 2010 bola zalo\u017een\u00e1 WordPress Foundation. Patria jej autorsk\u00e9 pr\u00e1va a ochrann\u00e1 zn\u00e1mka WordPress, ktor\u00e9 zaru\u010duj\u00fa, \u017ee WordPress zostane slobodn\u00fdm softv\u00e9rom na \u201cve\u010dn\u00e9 \u010dasy\u201d.<\/p>\n<h3 style=\"margin: 0px 0px 18px; padding: 0px; vertical-align: baseline; outline: none; font-size: 19px; border: none; font-weight: bold; font-family: Georgia, Arial, Verdana, sans-serif; background: transparent;\">Moduly<\/h3>\n<p style=\"margin: 0px 0px 18px; padding: 0px; vertical-align: baseline; outline: none; border: none; background: transparent;\">Architekt\u00fara WordPress umo\u017e\u0148uje roz\u0161\u00edrenie jeho funk\u010dnosti pomocou modulov z\u00a0katal\u00f3gu na\u00a0<a style=\"margin: 0px; padding: 0px; vertical-align: baseline; outline: none; border: none; text-decoration: none; cursor: pointer; color: #4ca6cf; background: transparent;\" title=\"Moduly\" href=\"https:\/\/wordpress.org\/plugins\/\" target=\"_blank\" rel=\"noopener noreferrer\">WordPress.org<\/a>. Existuje vy\u0161e 30 000 rozli\u010dn\u00fdch modulov. V datab\u00e1ze n\u00e1jdete\u00a0moduly na optimaliz\u00e1ciu v\u00fdkonu ale aj pre tvorbu e-shopu. V\u00e4\u010d\u0161ina je dostupn\u00e1 zadarmo, niektor\u00e9 pon\u00fakaj\u00fa roz\u0161\u00edren\u00fa funk\u010dnos\u0165\u00a0alebo podporu po zaplaten\u00ed.<\/p>\n<h3 style=\"margin: 0px 0px 18px; padding: 0px; vertical-align: baseline; outline: none; font-size: 19px; border: none; font-weight: bold; font-family: Georgia, Arial, Verdana, sans-serif; background: transparent;\">T\u00e9my<\/h3>\n<p style=\"margin: 0px 0px 18px; padding: 0px; vertical-align: baseline; outline: none; border: none; background: transparent;\">Vzh\u013ead str\u00e1nky si m\u00f4\u017eete upravi\u0165 pod\u013ea seba. Na v\u00fdber m\u00e1te tis\u00edcky t\u00e9m z\u00a0<a style=\"margin: 0px; padding: 0px; vertical-align: baseline; outline: none; border: none; text-decoration: none; cursor: pointer; color: #4ca6cf; background: transparent;\" title=\"WordPress t\u00e9my\" href=\"https:\/\/wordpress.org\/plugins\/\" target=\"_blank\" rel=\"noopener noreferrer\">WordPress.org<\/a>. Tie\u00a0v\u0161ak m\u00f4\u017eete in\u0161talova\u0165 aj z administr\u00e1cie a jednoducho medzi nimi prep\u00edna\u0165. Nap\u00edsali sme, ak\u00e9\u00a0<a style=\"margin: 0px; padding: 0px; vertical-align: baseline; outline: none; border: none; text-decoration: none; cursor: pointer; color: #4ca6cf; background: transparent;\" title=\"5 najlep\u0161\u00edch Free t\u00e9m za august 2014\" href=\"http:\/\/wp.sk\/spravy\/najlepsie-temy-august-2014\/\" target=\"_blank\" rel=\"noopener noreferrer\">t\u00e9my<\/a>\u00a0zadarmo sa n\u00e1m p\u00e1\u010dia.<\/p>\n<h3 style=\"margin: 0px 0px 18px; padding: 0px; vertical-align: baseline; outline: none; font-size: 19px; border: none; font-weight: bold; font-family: Georgia, Arial, Verdana, sans-serif; background: transparent;\">V\u00fdhody<\/h3>\n<p style=\"margin: 0px 0px 18px; padding: 0px; vertical-align: baseline; outline: none; border: none; background: transparent;\">WordPress pon\u00faka preh\u013eadn\u00fa \u0161trukt\u00faru str\u00e1nok, mo\u017enos\u0165 zaradi\u0165 obsah do kateg\u00f3ri\u00ed a priradi\u0165 mu\u00a0r\u00f4zne\u00a0zna\u010dky. Automatick\u00e9 filtre poskytuj\u00fa \u0161tandardizovan\u00e9 p\u00edsanie pr\u00edspevkov a jednotn\u00e9 \u0161t\u00fdly nadpisov a obsahu. Podporuje sp\u00e4tn\u00e9 odkazy a upozornenia, ktor\u00e9 zobrazia, ak na v\u00e1s niekto odkazoval. Najv\u00e4\u010d\u0161ou v\u00fdhodou je akt\u00edvna komunita, ktor\u00e1 sa star\u00e1 o chod a podporu tohto syst\u00e9mu.<\/p>\n<p style=\"margin: 0px 0px 18px; padding: 0px; vertical-align: baseline; outline: none; border: none; background: transparent;\">Ak sme v\u00e1s nepresved\u010dili o kvalit\u00e1ch WordPress, vysk\u00fa\u0161ajte si ho! Takto vyzer\u00e1 nain\u0161talovan\u00fd najlep\u0161\u00ed\u00a0<a style=\"margin: 0px; padding: 0px; vertical-align: baseline; outline: none; border: none; text-decoration: none; cursor: pointer; color: #4ca6cf; background: transparent;\" title=\"Demo\" href=\"https:\/\/www.softaculous.com\/demos\/WordPress\" target=\"_blank\" rel=\"noopener noreferrer\">CMS syst\u00e9m<\/a>.<\/p>\n<h3 style=\"margin: 0px 0px 18px; padding: 0px; vertical-align: baseline; outline: none; font-size: 19px; border: none; font-weight: bold; font-family: Georgia, Arial, Verdana, sans-serif; background: transparent;\">Komunita<\/h3>\n<p style=\"margin: 0px 0px 18px; padding: 0px; vertical-align: baseline; outline: none; border: none; background: transparent;\">Ak si nebudete vedie\u0165 s nie\u010d\u00edm poradi\u0165, nebojte sa na n\u00e1s obr\u00e1ti\u0165. Na\u00a0f\u00f3re technickej podpory\u00a0n\u00e1jdete odpovede na mnoh\u00e9 va\u0161e ot\u00e1zky.<\/p>\n<p style=\"margin: 0px 0px 18px; padding: 0px; vertical-align: baseline; outline: none; border: none; background: transparent;\">Stret\u00e1vame sa na akci\u00e1ch \u2013\u00a0<a style=\"margin: 0px; padding: 0px; vertical-align: baseline; outline: none; border: none; text-decoration: none; cursor: pointer; color: #4ca6cf; background: transparent;\" title=\"Meetup\" href=\"http:\/\/wp.sk\/meetup\/\" target=\"_blank\" rel=\"noopener noreferrer\">WordPress Meetup<\/a>\u00a0alebo raz ro\u010dne na stretnut\u00ed komunity\u00a0<a style=\"margin: 0px; padding: 0px; vertical-align: baseline; outline: none; border: none; text-decoration: none; cursor: pointer; color: #4ca6cf; background: transparent;\" title=\"WordCamp\" href=\"http:\/\/wordcamp.sk\/\" target=\"_blank\" rel=\"noopener noreferrer\">WordCamp<\/a>. N\u00e1jdete tu mil\u00fdch a otvoren\u00fdch \u013eud\u00ed, ochotn\u00fdch podeli\u0165 sa o vlastn\u00e9 sk\u00fasenosti\u00a0s WordPress.<\/p>\n<h3 style=\"font-weight: bold; color: #000000; margin: 0px 0px 18px; padding: 0px; vertical-align: baseline; outline: none; font-size: 19px; border: none; font-family: Georgia, Arial, Verdana, sans-serif; background: transparent; text-align: center;\">Mnou navrhnut\u00e9 WEB-y:\u00a0 \u00a0 \u00a0 \u00a0 \u00a0 \u00a0 <a href=\"https:\/\/ovladampocitace.sk\/menu.html\" target=\"_blank\" rel=\"noopener\">Uk\u00e1\u017eky<\/a><\/h3>\n<p>&nbsp;<\/p>\n<\/div>\n<!-- AddThis Advanced Settings generic via filter on the_content --><!-- AddThis Share Buttons generic via filter on the_content -->","protected":false},"excerpt":{"rendered":"<p>O WordPress WordPress\u00a0je webov\u00fd softv\u00e9r, pomocou ktor\u00e9ho m\u00f4\u017eete vytvori\u0165\u00a0n\u00e1dhern\u00fa webov\u00fa str\u00e1nku alebo blog. Desiatky mili\u00f3nov \u013eud\u00ed pou\u017e\u00edvaj\u00fa tento\u00a0redak\u010dn\u00fd syst\u00e9m\u00a0(CMS) na jednoduch\u00fa tvorbu a spr\u00e1vu obsahu na svojich str\u00e1nkach. WordPress je\u00a0slobodn\u00fd softv\u00e9r\u00a0a je distribuovan\u00fd bezplatne. K dispoz\u00edcii s\u00fa\u00a0tis\u00edce\u00a0modulov\u00a0a\u00a0t\u00e9m\u00a0na roz\u0161\u00edrenie funk\u010dnosti\u00a0a \u00fapravu vzh\u013eadu.\u00a0Jadro WordPress vyv\u00edjaj\u00fa stovky dobrovo\u013en\u00edkov a okolo WordPress existuje\u00a0\u00fa\u017easn\u00e1\u00a0komunita\u00a0\u013eud\u00ed, ktor\u00ed si navz\u00e1jom radia a pom\u00e1haj\u00fa. [&hellip;]<!-- AddThis Advanced Settings generic via filter on get_the_excerpt --><!-- AddThis Share Buttons generic via filter on get_the_excerpt --><\/p>\n","protected":false},"author":1,"featured_media":0,"parent":0,"menu_order":0,"comment_status":"open","ping_status":"open","template":"","meta":{"footnotes":""},"class_list":["post-93","page","type-page","status-publish","hentry"],"_links":{"self":[{"href":"https:\/\/www.ovladampocitace.sk\/wordpress-6\/index.php?rest_route=\/wp\/v2\/pages\/93","targetHints":{"allow":["GET"]}}],"collection":[{"href":"https:\/\/www.ovladampocitace.sk\/wordpress-6\/index.php?rest_route=\/wp\/v2\/pages"}],"about":[{"href":"https:\/\/www.ovladampocitace.sk\/wordpress-6\/index.php?rest_route=\/wp\/v2\/types\/page"}],"author":[{"embeddable":true,"href":"https:\/\/www.ovladampocitace.sk\/wordpress-6\/index.php?rest_route=\/wp\/v2\/users\/1"}],"replies":[{"embeddable":true,"href":"https:\/\/www.ovladampocitace.sk\/wordpress-6\/index.php?rest_route=%2Fwp%2Fv2%2Fcomments&post=93"}],"version-history":[{"count":16,"href":"https:\/\/www.ovladampocitace.sk\/wordpress-6\/index.php?rest_route=\/wp\/v2\/pages\/93\/revisions"}],"predecessor-version":[{"id":1794,"href":"https:\/\/www.ovladampocitace.sk\/wordpress-6\/index.php?rest_route=\/wp\/v2\/pages\/93\/revisions\/1794"}],"wp:attachment":[{"href":"https:\/\/www.ovladampocitace.sk\/wordpress-6\/index.php?rest_route=%2Fwp%2Fv2%2Fmedia&parent=93"}],"curies":[{"name":"wp","href":"https:\/\/api.w.org\/{rel}","templated":true}]}}