{"id":64,"date":"2014-12-23T22:20:15","date_gmt":"2014-12-23T22:20:15","guid":{"rendered":"https:\/\/www.ovladampocitace.sk\/wordpress-6\/?page_id=64"},"modified":"2014-12-24T20:25:53","modified_gmt":"2014-12-24T20:25:53","slug":"zaujimavosti","status":"publish","type":"page","link":"https:\/\/www.ovladampocitace.sk\/wordpress-6\/?page_id=64","title":{"rendered":"Zauj\u00edmavosti"},"content":{"rendered":"<p style=\"text-align: center;\">\n\tBudem sa sem sna\u017eit prin&aacute;&scaron;a\u0165 nov&yacute;&nbsp;a najm&auml;&nbsp;svoj poh\u013ead\n<\/p>\n<p style=\"text-align: center;\">\n\tna svet po\u010d&iacute;ta\u010dov.&nbsp;<\/p>\n<!-- AddThis Advanced Settings generic via filter on the_content --><!-- AddThis Share Buttons generic via filter on the_content -->","protected":false},"excerpt":{"rendered":"<p>Budem sa sem sna\u017eit prin&aacute;&scaron;a\u0165 nov&yacute;&nbsp;a najm&auml;&nbsp;svoj poh\u013ead na svet po\u010d&iacute;ta\u010dov.&nbsp;<!-- AddThis Advanced Settings generic via filter on get_the_excerpt --><!-- AddThis Share Buttons generic via filter on get_the_excerpt --><\/p>\n","protected":false},"author":1,"featured_media":0,"parent":0,"menu_order":0,"comment_status":"open","ping_status":"open","template":"","meta":{"footnotes":""},"class_list":["post-64","page","type-page","status-publish","hentry"],"_links":{"self":[{"href":"https:\/\/www.ovladampocitace.sk\/wordpress-6\/index.php?rest_route=\/wp\/v2\/pages\/64","targetHints":{"allow":["GET"]}}],"collection":[{"href":"https:\/\/www.ovladampocitace.sk\/wordpress-6\/index.php?rest_route=\/wp\/v2\/pages"}],"about":[{"href":"https:\/\/www.ovladampocitace.sk\/wordpress-6\/index.php?rest_route=\/wp\/v2\/types\/page"}],"author":[{"embeddable":true,"href":"https:\/\/www.ovladampocitace.sk\/wordpress-6\/index.php?rest_route=\/wp\/v2\/users\/1"}],"replies":[{"embeddable":true,"href":"https:\/\/www.ovladampocitace.sk\/wordpress-6\/index.php?rest_route=%2Fwp%2Fv2%2Fcomments&post=64"}],"version-history":[{"count":3,"href":"https:\/\/www.ovladampocitace.sk\/wordpress-6\/index.php?rest_route=\/wp\/v2\/pages\/64\/revisions"}],"predecessor-version":[{"id":72,"href":"https:\/\/www.ovladampocitace.sk\/wordpress-6\/index.php?rest_route=\/wp\/v2\/pages\/64\/revisions\/72"}],"wp:attachment":[{"href":"https:\/\/www.ovladampocitace.sk\/wordpress-6\/index.php?rest_route=%2Fwp%2Fv2%2Fmedia&parent=64"}],"curies":[{"name":"wp","href":"https:\/\/api.w.org\/{rel}","templated":true}]}}