{"id":480,"date":"2017-09-26T08:04:31","date_gmt":"2017-09-26T08:04:31","guid":{"rendered":"https:\/\/www.ovladampocitace.sk\/wordpress-6\/?page_id=480"},"modified":"2019-04-15T12:48:44","modified_gmt":"2019-04-15T10:48:44","slug":"potrebujete-pocitac","status":"publish","type":"page","link":"https:\/\/www.ovladampocitace.sk\/wordpress-6\/?page_id=480","title":{"rendered":"Potrebujete po\u010d\u00edta\u010d ?"},"content":{"rendered":"<table align=\"center\" border=\"0\" cellpadding=\"1\" cellspacing=\"1\" style=\"width: 500px;\">\n<tbody>\n<tr>\n<td>\n\t\t\t\t&nbsp;\n\t\t\t<\/td>\n<td style=\"text-align: center;\">\n\t\t\t\t&nbsp;\n\t\t\t<\/td>\n<td>\n\t\t\t\t&nbsp;\n\t\t\t<\/td>\n<\/tr>\n<tr>\n<td>\n\t\t\t\t&nbsp;\n\t\t\t<\/td>\n<td style=\"text-align: center;\">\n\t\t\t\t<a href=\"https:\/\/www.ovladampocitace.sk\/wordpress-6\/wp-content\/uploads\/2014\/12\/technician.jpg\" rel=\"noopener noreferrer\" style=\"\" target=\"\" title=\"\"><img loading=\"lazy\" decoding=\"async\" alt=\"technician\" class=\"size-medium wp-image-51 aligncenter\" height=\"131\" src=\"https:\/\/www.ovladampocitace.sk\/wordpress-6\/wp-content\/uploads\/2014\/12\/technician-300x273.jpg\" style=\"\" title=\"\" width=\"144\" srcset=\"https:\/\/www.ovladampocitace.sk\/wordpress-6\/wp-content\/uploads\/2014\/12\/technician-300x273.jpg 300w, https:\/\/www.ovladampocitace.sk\/wordpress-6\/wp-content\/uploads\/2014\/12\/technician.jpg 362w\" sizes=\"auto, (max-width: 144px) 100vw, 144px\" \/><\/a>\n\t\t\t<\/td>\n<td>\n\t\t\t\t&nbsp;\n\t\t\t<\/td>\n<\/tr>\n<tr>\n<td>\n\t\t\t\t&nbsp;\n\t\t\t<\/td>\n<td style=\"text-align: center;\">\n\t\t\t\t&nbsp;\n\t\t\t<\/td>\n<td>\n\t\t\t\t&nbsp;\n\t\t\t<\/td>\n<\/tr>\n<tr>\n<td>\n\t\t\t\t&nbsp;\n\t\t\t<\/td>\n<td style=\"text-align: center;\">\n<p>\n\t\t\t\t\t&nbsp;\n\t\t\t\t<\/p>\n<h2>\n\t\t\t\t\t<span style=\"color:#000080;\">Potrebujete po\u010d&iacute;ta\u010d ?<\/span><br \/>\n\t\t\t\t<\/h2>\n<p>\n\t\t\t\t\t&nbsp;\n\t\t\t\t<\/p>\n<p>\n\t\t\t\t\tPom&ocirc;\u017eem V&aacute;m nakonfigurova\u0165&nbsp; po\u010d&iacute;ta\u010dov&uacute; zostavu pod\u013ea Va&scaron;ich predst&aacute;v:\n\t\t\t\t<\/p>\n<p style=\"text-align: left; margin-left: 80px;\">\n\t\t\t\t\t1. nov&yacute; po\u010d&iacute;ta\u010d&nbsp;\n\t\t\t\t<\/p>\n<p style=\"text-align: left; margin-left: 80px;\">\n\t\t\t\t\t2. repasovan&yacute; po\u010d&iacute;ta\u010d\n\t\t\t\t<\/p>\n<p style=\"text-align: left; margin-left: 40px;\">\n\t\t\t\t\t&nbsp;a aj ho zrealizova\u0165 ( zmotova\u0165 a naprogramova\u0165 )\n\t\t\t\t<\/p>\n<p style=\"text-align: left; margin-left: 40px;\">\n\t\t\t\t\t&nbsp;\n\t\t\t\t<\/p>\n<p>\n\t\t\t\t\t&nbsp;\n\t\t\t\t<\/p>\n<p>\n\t\t\t\t\t<span style=\"font-size:18px;\"><span style=\"color:#A52A2A;\">Ako na to ? <\/span><\/span>\n\t\t\t\t<\/p>\n<p>\n\t\t\t\t\tSta\u010d&iacute; zavola\u0165 alebo napisa\u0165 majl&iacute;k.\n\t\t\t\t<\/p>\n<p style=\"text-align: left;\">\n\t\t\t\t\t&nbsp;\n\t\t\t\t<\/p>\n<\/td>\n<td>\n\t\t\t\t&nbsp;\n\t\t\t<\/td>\n<\/tr>\n<tr>\n<td>\n\t\t\t\t&nbsp;\n\t\t\t<\/td>\n<td style=\"text-align: center;\">\n<p>\n\t\t\t\t\t&nbsp;\n\t\t\t\t<\/p>\n<p>\n\t\t\t\t\t<span style=\"color:#FF0000;\"><span style=\"font-size:26px;\"><strong>Akciov&aacute; ponuka<\/strong><\/span><\/span>\n\t\t\t\t<\/p>\n<p>\n\t\t\t\t\t&nbsp;\n\t\t\t\t<\/p>\n<\/td>\n<td>\n\t\t\t\t&nbsp;\n\t\t\t<\/td>\n<\/tr>\n<tr>\n<td>\n\t\t\t\t&nbsp;\n\t\t\t<\/td>\n<td style=\"text-align: center;\">\n<div class=\"content_block\" id=\"custom_post_widget-1008\"><p style=\"text-align: center;\">\n\tR&yacute;chly Tich&yacute; Mali\u010dk&yacute;\n<\/p>\n<p style=\"text-align: center;\">\n\t<a href=\"https:\/\/www.ovladampocitace.sk\/wordpress-6\/wp-content\/uploads\/2015\/07\/2017-09-25-09.25.21.jpg\" rel=\"noopener noreferrer\" target=\"\" title=\"\"><img loading=\"lazy\" decoding=\"async\" alt=\"\" height=\"220\" src=\"https:\/\/www.ovladampocitace.sk\/wordpress-6\/wp-content\/uploads\/2015\/07\/2017-09-25-09.25.21.jpg\" title=\"\" width=\"392\" \/><\/a>\n<\/p>\n<p style=\"text-align: center;\">\n\tIntel QUAD Core (2.3GHz)&nbsp; 8Gb RAM 250GB SSD WIN10 64bit\n<\/p>\n<p style=\"text-align: center;\">\n\t&nbsp;<\/p>\n<!-- AddThis Advanced Settings generic via filter on the_content --><!-- AddThis Share Buttons generic via filter on the_content --><\/div>\n<\/td>\n<td>\n\t\t\t\t&nbsp;\n\t\t\t<\/td>\n<\/tr>\n<tr>\n<td>\n\t\t\t\t&nbsp;\n\t\t\t<\/td>\n<td style=\"text-align: center;\">\n\t\t\t\t&nbsp;\n\t\t\t<\/td>\n<td>\n\t\t\t\t&nbsp;\n\t\t\t<\/td>\n<\/tr>\n<\/tbody>\n<\/table>\n","protected":false},"excerpt":{"rendered":"<p>&nbsp; &nbsp; &nbsp; &nbsp; &nbsp; &nbsp; &nbsp; &nbsp; &nbsp; &nbsp; Potrebujete po\u010d&iacute;ta\u010d ? &nbsp; Pom&ocirc;\u017eem V&aacute;m nakonfigurova\u0165&nbsp; po\u010d&iacute;ta\u010dov&uacute; zostavu pod\u013ea Va&scaron;ich predst&aacute;v: 1. nov&yacute; po\u010d&iacute;ta\u010d&nbsp; 2. repasovan&yacute; po\u010d&iacute;ta\u010d &nbsp;a aj ho zrealizova\u0165 ( zmotova\u0165 a naprogramova\u0165 ) &nbsp; &nbsp; Ako na to ? Sta\u010d&iacute; zavola\u0165 alebo napisa\u0165 majl&iacute;k. &nbsp; &nbsp; &nbsp; &nbsp; Akciov&aacute; ponuka &nbsp; [&hellip;]<!-- AddThis Advanced Settings generic via filter on get_the_excerpt --><!-- AddThis Share Buttons generic via filter on get_the_excerpt --><\/p>\n","protected":false},"author":1,"featured_media":0,"parent":0,"menu_order":0,"comment_status":"closed","ping_status":"closed","template":"","meta":{"footnotes":""},"class_list":["post-480","page","type-page","status-publish","hentry"],"_links":{"self":[{"href":"https:\/\/www.ovladampocitace.sk\/wordpress-6\/index.php?rest_route=\/wp\/v2\/pages\/480","targetHints":{"allow":["GET"]}}],"collection":[{"href":"https:\/\/www.ovladampocitace.sk\/wordpress-6\/index.php?rest_route=\/wp\/v2\/pages"}],"about":[{"href":"https:\/\/www.ovladampocitace.sk\/wordpress-6\/index.php?rest_route=\/wp\/v2\/types\/page"}],"author":[{"embeddable":true,"href":"https:\/\/www.ovladampocitace.sk\/wordpress-6\/index.php?rest_route=\/wp\/v2\/users\/1"}],"replies":[{"embeddable":true,"href":"https:\/\/www.ovladampocitace.sk\/wordpress-6\/index.php?rest_route=%2Fwp%2Fv2%2Fcomments&post=480"}],"version-history":[{"count":8,"href":"https:\/\/www.ovladampocitace.sk\/wordpress-6\/index.php?rest_route=\/wp\/v2\/pages\/480\/revisions"}],"predecessor-version":[{"id":1206,"href":"https:\/\/www.ovladampocitace.sk\/wordpress-6\/index.php?rest_route=\/wp\/v2\/pages\/480\/revisions\/1206"}],"wp:attachment":[{"href":"https:\/\/www.ovladampocitace.sk\/wordpress-6\/index.php?rest_route=%2Fwp%2Fv2%2Fmedia&parent=480"}],"curies":[{"name":"wp","href":"https:\/\/api.w.org\/{rel}","templated":true}]}}