{"id":47,"date":"2014-12-23T20:55:42","date_gmt":"2014-12-23T20:55:42","guid":{"rendered":"https:\/\/www.ovladampocitace.sk\/wordpress-6\/?page_id=47"},"modified":"2026-01-24T15:35:17","modified_gmt":"2026-01-24T13:35:17","slug":"kontakt","status":"publish","type":"page","link":"https:\/\/www.ovladampocitace.sk\/wordpress-6\/?page_id=47","title":{"rendered":"Kontakt"},"content":{"rendered":"<p>&nbsp;<\/p>\n<p style=\"text-align: center;\"><strong>Marian Sl\u00e1dek &#8211; Ovl\u00e1dampo\u010d\u00edta\u010de<\/strong><\/p>\n<p style=\"text-align: center;\"><strong>I\u010cO: 11782960<\/strong><br \/>\n<strong>DI\u010c: 1025525435<\/strong><\/p>\n<p>&nbsp;<\/p>\n<p style=\"text-align: center;\"><strong>Mobil: 0903 422 339<\/strong><\/p>\n<p style=\"text-align: center;\"><strong>E-Mail: \u00a0<a href=\"mailto:ovladampocitacesk@gmail.com\">ovladampocitacesk@gmail.com<\/a><\/strong><\/p>\n<p style=\"text-align: center;\"><strong>Lokalita:\u00a0 Bratislava<\/strong><\/p>\n<p style=\"text-align: center;\"><strong>Nahlasovanie probl\u00e9mu: <\/strong><\/p>\n<p style=\"text-align: center;\"><strong><span style=\"font-size: 14px;\"><span style=\"color: #ff0000;\">Nonstop<\/span><\/span><\/strong><\/p>\n<p style=\"text-align: center;\"><strong>Pracovn\u00e1 doba:<\/strong><\/p>\n<p style=\"text-align: center;\"><strong>Pondelok &#8211; Piatok:\u00a0 09.00 &#8211; 18.00\u00a0 ( inak dohodou )<\/strong><\/p>\n<p style=\"text-align: center;\"><strong>Sobota, Nede\u013ea:\u00a0 Dohodou<\/strong><\/p>\n<p>&nbsp;<\/p>\n<p style=\"text-align: center;\"><a href=\"https:\/\/www.ovladampocitace.sk\/wordpress-6\/wp-content\/uploads\/2023\/02\/paypal.png\"><strong>Ak mi chcete poslat pr\u00edspevok cez mobiln\u00fa aplik\u00e1ciu PayPal &#8230;.Dakujem<\/strong><\/a><\/p>\n<p><a href=\"https:\/\/www.ovladampocitace.sk\/wordpress-6\/wp-content\/uploads\/2023\/02\/paypal.png\"><img loading=\"lazy\" decoding=\"async\" class=\"size-medium wp-image-1808 aligncenter\" src=\"https:\/\/www.ovladampocitace.sk\/wordpress-6\/wp-content\/uploads\/2023\/02\/paypal-300x300.png\" alt=\"\" width=\"300\" height=\"300\" srcset=\"https:\/\/www.ovladampocitace.sk\/wordpress-6\/wp-content\/uploads\/2023\/02\/paypal-300x300.png 300w, https:\/\/www.ovladampocitace.sk\/wordpress-6\/wp-content\/uploads\/2023\/02\/paypal-150x150.png 150w, https:\/\/www.ovladampocitace.sk\/wordpress-6\/wp-content\/uploads\/2023\/02\/paypal-80x80.png 80w, https:\/\/www.ovladampocitace.sk\/wordpress-6\/wp-content\/uploads\/2023\/02\/paypal-320x320.png 320w, https:\/\/www.ovladampocitace.sk\/wordpress-6\/wp-content\/uploads\/2023\/02\/paypal-400x400.png 400w, https:\/\/www.ovladampocitace.sk\/wordpress-6\/wp-content\/uploads\/2023\/02\/paypal.png 500w\" sizes=\"auto, (max-width: 300px) 100vw, 300px\" \/><\/a><\/p>\n<p style=\"text-align: center;\">\n<!-- AddThis Advanced Settings generic via filter on the_content --><!-- AddThis Share Buttons generic via filter on the_content -->","protected":false},"excerpt":{"rendered":"<p>&nbsp; Marian Sl\u00e1dek &#8211; Ovl\u00e1dampo\u010d\u00edta\u010de I\u010cO: 11782960 DI\u010c: 1025525435 &nbsp; Mobil: 0903 422 339 E-Mail: \u00a0ovladampocitacesk@gmail.com Lokalita:\u00a0 Bratislava Nahlasovanie probl\u00e9mu: Nonstop Pracovn\u00e1 doba: Pondelok &#8211; Piatok:\u00a0 09.00 &#8211; 18.00\u00a0 ( inak dohodou ) Sobota, Nede\u013ea:\u00a0 Dohodou &nbsp; Ak mi chcete poslat pr\u00edspevok cez mobiln\u00fa aplik\u00e1ciu PayPal &#8230;.Dakujem<!-- AddThis Advanced Settings generic via filter on get_the_excerpt --><!-- AddThis Share Buttons generic via filter on get_the_excerpt --><\/p>\n","protected":false},"author":1,"featured_media":0,"parent":0,"menu_order":0,"comment_status":"closed","ping_status":"closed","template":"","meta":{"footnotes":""},"class_list":["post-47","page","type-page","status-publish","hentry"],"_links":{"self":[{"href":"https:\/\/www.ovladampocitace.sk\/wordpress-6\/index.php?rest_route=\/wp\/v2\/pages\/47","targetHints":{"allow":["GET"]}}],"collection":[{"href":"https:\/\/www.ovladampocitace.sk\/wordpress-6\/index.php?rest_route=\/wp\/v2\/pages"}],"about":[{"href":"https:\/\/www.ovladampocitace.sk\/wordpress-6\/index.php?rest_route=\/wp\/v2\/types\/page"}],"author":[{"embeddable":true,"href":"https:\/\/www.ovladampocitace.sk\/wordpress-6\/index.php?rest_route=\/wp\/v2\/users\/1"}],"replies":[{"embeddable":true,"href":"https:\/\/www.ovladampocitace.sk\/wordpress-6\/index.php?rest_route=%2Fwp%2Fv2%2Fcomments&post=47"}],"version-history":[{"count":21,"href":"https:\/\/www.ovladampocitace.sk\/wordpress-6\/index.php?rest_route=\/wp\/v2\/pages\/47\/revisions"}],"predecessor-version":[{"id":1867,"href":"https:\/\/www.ovladampocitace.sk\/wordpress-6\/index.php?rest_route=\/wp\/v2\/pages\/47\/revisions\/1867"}],"wp:attachment":[{"href":"https:\/\/www.ovladampocitace.sk\/wordpress-6\/index.php?rest_route=%2Fwp%2Fv2%2Fmedia&parent=47"}],"curies":[{"name":"wp","href":"https:\/\/api.w.org\/{rel}","templated":true}]}}