{"id":45,"date":"2014-12-23T20:53:18","date_gmt":"2014-12-23T20:53:18","guid":{"rendered":"https:\/\/www.ovladampocitace.sk\/wordpress-6\/?page_id=45"},"modified":"2026-01-24T15:43:28","modified_gmt":"2026-01-24T13:43:28","slug":"o-mne","status":"publish","type":"page","link":"https:\/\/www.ovladampocitace.sk\/wordpress-6\/?page_id=45","title":{"rendered":"O mne"},"content":{"rendered":"<table style=\"width: 892px; height: 570px;\" border=\"0\" cellspacing=\"1\" cellpadding=\"1\" align=\"center\">\n<tbody>\n<tr>\n<td><\/td>\n<td style=\"text-align: center;\"><\/td>\n<td><\/td>\n<\/tr>\n<tr>\n<td><\/td>\n<td style=\"text-align: center;\">&nbsp;<\/p>\n<p><strong>Pracujem v oblasti v\u00fdpo\u010dtovej techniky vy\u0161e 45 rokov.<\/strong><\/p>\n<p><strong>Za\u010dinal som \u00a0na EC\u00a0\u00a0po\u010d\u00edta\u010doch, \u00a0IBM VM 370 \u00a0\/ 148.<\/strong><\/p>\n<p><strong>Nesk\u00f4r SMEP 4-20.<\/strong><\/p>\n<p><strong>a potom prisli PC po\u010d\u00edta\u010de.<\/strong><\/p>\n<p><strong>a\u017e po dne\u0161n\u00e9 Notebooky \u010di Tablety.<\/strong><\/p>\n<p>&nbsp;<\/p>\n<p><strong>Vysk\u00fa\u0161al som DOS 3.00 a\u017e 6.11.<\/strong><\/p>\n<p><strong>Nesk\u00f4r Wiindows 3.0, 3.1.<\/strong><\/p>\n<p><strong>WIN 95, WIN 98, \u00a0WIN XP, WiN Vista,<\/strong><\/p>\n<p><strong>WIN 7, 8, 10 a uz aj WIN 11<\/strong><\/p>\n<p>&nbsp;<\/p>\n<p><strong>Progamovacie jazyky ( po roku 2010 ):<\/strong><\/p>\n<p><strong>LAZARUS, PHP,\u00a0 HTML, Visual Basic 6.0,\u00a0 a p\u00e1r dal\u0161\u00edch &#8230;<\/strong><\/p>\n<p>&nbsp;<\/p>\n<p>&nbsp;<\/td>\n<td><\/td>\n<\/tr>\n<tr>\n<td><\/td>\n<td style=\"text-align: center;\"><\/td>\n<td><\/td>\n<\/tr>\n<\/tbody>\n<\/table>\n<p>&nbsp;<\/p>\n<!-- AddThis Advanced Settings generic via filter on the_content --><!-- AddThis Share Buttons generic via filter on the_content -->","protected":false},"excerpt":{"rendered":"<p>&nbsp; Pracujem v oblasti v\u00fdpo\u010dtovej techniky vy\u0161e 45 rokov. Za\u010dinal som \u00a0na EC\u00a0\u00a0po\u010d\u00edta\u010doch, \u00a0IBM VM 370 \u00a0\/ 148. Nesk\u00f4r SMEP 4-20. a potom prisli PC po\u010d\u00edta\u010de. a\u017e po dne\u0161n\u00e9 Notebooky \u010di Tablety. &nbsp; Vysk\u00fa\u0161al som DOS 3.00 a\u017e 6.11. Nesk\u00f4r Wiindows 3.0, 3.1. WIN 95, WIN 98, \u00a0WIN XP, WiN Vista, WIN 7, 8, 10 [&hellip;]<!-- AddThis Advanced Settings generic via filter on get_the_excerpt --><!-- AddThis Share Buttons generic via filter on get_the_excerpt --><\/p>\n","protected":false},"author":1,"featured_media":0,"parent":0,"menu_order":0,"comment_status":"closed","ping_status":"closed","template":"","meta":{"footnotes":""},"class_list":["post-45","page","type-page","status-publish","hentry"],"_links":{"self":[{"href":"https:\/\/www.ovladampocitace.sk\/wordpress-6\/index.php?rest_route=\/wp\/v2\/pages\/45","targetHints":{"allow":["GET"]}}],"collection":[{"href":"https:\/\/www.ovladampocitace.sk\/wordpress-6\/index.php?rest_route=\/wp\/v2\/pages"}],"about":[{"href":"https:\/\/www.ovladampocitace.sk\/wordpress-6\/index.php?rest_route=\/wp\/v2\/types\/page"}],"author":[{"embeddable":true,"href":"https:\/\/www.ovladampocitace.sk\/wordpress-6\/index.php?rest_route=\/wp\/v2\/users\/1"}],"replies":[{"embeddable":true,"href":"https:\/\/www.ovladampocitace.sk\/wordpress-6\/index.php?rest_route=%2Fwp%2Fv2%2Fcomments&post=45"}],"version-history":[{"count":17,"href":"https:\/\/www.ovladampocitace.sk\/wordpress-6\/index.php?rest_route=\/wp\/v2\/pages\/45\/revisions"}],"predecessor-version":[{"id":1871,"href":"https:\/\/www.ovladampocitace.sk\/wordpress-6\/index.php?rest_route=\/wp\/v2\/pages\/45\/revisions\/1871"}],"wp:attachment":[{"href":"https:\/\/www.ovladampocitace.sk\/wordpress-6\/index.php?rest_route=%2Fwp%2Fv2%2Fmedia&parent=45"}],"curies":[{"name":"wp","href":"https:\/\/api.w.org\/{rel}","templated":true}]}}