{"id":427,"date":"2016-04-05T06:53:17","date_gmt":"2016-04-05T06:53:17","guid":{"rendered":"https:\/\/www.ovladampocitace.sk\/wordpress-6\/?page_id=427"},"modified":"2022-09-21T20:13:24","modified_gmt":"2022-09-21T18:13:24","slug":"dobra-rada","status":"publish","type":"page","link":"https:\/\/www.ovladampocitace.sk\/wordpress-6\/?page_id=427","title":{"rendered":"Dobra rada"},"content":{"rendered":"<p>&nbsp;<\/p>\n<p style=\"text-align: center;\"><span style=\"font-size: 20px;\"><strong>Nechcete u\u017e\u00a0plati\u0165 za drah\u00fd \u00a0Word, \u00a0Excel a podobne\u00a0?<\/strong><\/span><\/p>\n<p style=\"text-align: center;\"><span style=\"font-size: 20px;\"><strong>Tu je p\u00e1r dobr\u00fdch tipov&#8230;.<\/strong><\/span><\/p>\n<p>&nbsp;<\/p>\n<table style=\"width: 700px;\" border=\"1\" cellspacing=\"1\" cellpadding=\"1\" align=\"center\">\n<tbody>\n<tr>\n<td style=\"text-align: center;\"><a href=\"https:\/\/sk.libreoffice.org\/\" target=\"_blank\" rel=\"attachment noopener wp-att-433\"><img loading=\"lazy\" decoding=\"async\" class=\"alignnone wp-image-433 size-full\" style=\"width: 300px; border-width: 1px; border-style: solid; height: 45px;\" src=\"https:\/\/www.ovladampocitace.sk\/wordpress-6\/wp-content\/uploads\/2016\/04\/LIbre.jpg\" alt=\"LIbre\" width=\"958\" height=\"143\" srcset=\"https:\/\/www.ovladampocitace.sk\/wordpress-6\/wp-content\/uploads\/2016\/04\/LIbre.jpg 958w, https:\/\/www.ovladampocitace.sk\/wordpress-6\/wp-content\/uploads\/2016\/04\/LIbre-300x45.jpg 300w, https:\/\/www.ovladampocitace.sk\/wordpress-6\/wp-content\/uploads\/2016\/04\/LIbre-768x115.jpg 768w\" sizes=\"auto, (max-width: 958px) 100vw, 958px\" \/><\/a><\/p>\n<p><a href=\"https:\/\/sk.libreoffice.org\/\" target=\"_blank\" rel=\"noopener\">Na stiahnutie<\/a><\/td>\n<td style=\"width: 400px;\">\n<p style=\"text-align: center;\">LibreOffice je slobodn\u00fd kancel\u00e1rsky bal\u00edk<\/p>\n<p style=\"text-align: center;\">pre Windows, Macintosh a Linux,<\/p>\n<p style=\"text-align: center;\">Pon\u00faka \u0161es\u0165 plnohodnotn\u00fdch aplik\u00e1ci\u00ed na pr\u00e1cu s dokumentami a d\u00e1tami:\u00a0Writer, Calc, Impress, Draw, Base a Math.<\/p>\n<p style=\"text-align: center;\">Podporu\u00a0a\u00a0<a title=\"Z\u00edskajte pr\u00edstup k dokument\u00e1cii\" href=\"https:\/\/sk.libreoffice.org\/get-help\/documentation\/\" target=\"_blank\" rel=\"noopener\">dokument\u00e1ciu<\/a>\u00a0m\u00f4\u017eete z\u00edska\u0165 zdarma..<\/p>\n<\/td>\n<\/tr>\n<tr>\n<td>\n<p style=\"text-align: center;\"><a href=\"https:\/\/inkscape.org\/cs\/\" target=\"_blank\" rel=\"attachment noopener wp-att-439\"><img loading=\"lazy\" decoding=\"async\" width=\"883\" height=\"147\" class=\"alignnone size-full wp-image-439\" style=\"width: 300px; height: 45px; border-width: 1px; border-style: solid;\" src=\"https:\/\/www.ovladampocitace.sk\/wordpress-6\/wp-content\/uploads\/2016\/04\/inscape.jpg\" alt=\"inscape\" srcset=\"https:\/\/www.ovladampocitace.sk\/wordpress-6\/wp-content\/uploads\/2016\/04\/inscape.jpg 883w, https:\/\/www.ovladampocitace.sk\/wordpress-6\/wp-content\/uploads\/2016\/04\/inscape-300x50.jpg 300w, https:\/\/www.ovladampocitace.sk\/wordpress-6\/wp-content\/uploads\/2016\/04\/inscape-768x128.jpg 768w\" sizes=\"auto, (max-width: 883px) 100vw, 883px\" \/><\/a><\/p>\n<p style=\"text-align: center;\"><a href=\"https:\/\/inkscape.org\/cs\/download\/windows\/\" target=\"_blank\" rel=\"noopener\">Na stiahnutie<\/a><\/p>\n<\/td>\n<td style=\"text-align: center;\">Vynikaj\u00faci kresliaci program<\/td>\n<\/tr>\n<tr>\n<td><a href=\"http:\/\/www.irfanview.com\/\" target=\"_blank\" rel=\"attachment noopener wp-att-448\"><img loading=\"lazy\" decoding=\"async\" width=\"790\" height=\"111\" class=\"alignnone size-full wp-image-448\" style=\"width: 300px; height: 45px; border-width: 1px; border-style: solid;\" src=\"https:\/\/www.ovladampocitace.sk\/wordpress-6\/wp-content\/uploads\/2016\/04\/irfanview.jpg\" alt=\"irfanview\" srcset=\"https:\/\/www.ovladampocitace.sk\/wordpress-6\/wp-content\/uploads\/2016\/04\/irfanview.jpg 790w, https:\/\/www.ovladampocitace.sk\/wordpress-6\/wp-content\/uploads\/2016\/04\/irfanview-300x42.jpg 300w, https:\/\/www.ovladampocitace.sk\/wordpress-6\/wp-content\/uploads\/2016\/04\/irfanview-768x108.jpg 768w\" sizes=\"auto, (max-width: 790px) 100vw, 790px\" \/><\/a><\/p>\n<p style=\"text-align: center;\"><a href=\"http:\/\/www.irfanview.com\/\" target=\"_blank\" rel=\"noopener\">Na stiahnutie<\/a><\/p>\n<\/td>\n<td style=\"text-align: center;\">Vynikaj\u00faci program \u00a0na obr\u00e1zky<\/td>\n<\/tr>\n<\/tbody>\n<\/table>\n<p style=\"text-align: center;\">\n<!-- AddThis Advanced Settings generic via filter on the_content --><!-- AddThis Share Buttons generic via filter on the_content -->","protected":false},"excerpt":{"rendered":"<p>&nbsp; Nechcete u\u017e\u00a0plati\u0165 za drah\u00fd \u00a0Word, \u00a0Excel a podobne\u00a0? Tu je p\u00e1r dobr\u00fdch tipov&#8230;. &nbsp; Na stiahnutie LibreOffice je slobodn\u00fd kancel\u00e1rsky bal\u00edk pre Windows, Macintosh a Linux, Pon\u00faka \u0161es\u0165 plnohodnotn\u00fdch aplik\u00e1ci\u00ed na pr\u00e1cu s dokumentami a d\u00e1tami:\u00a0Writer, Calc, Impress, Draw, Base a Math. Podporu\u00a0a\u00a0dokument\u00e1ciu\u00a0m\u00f4\u017eete z\u00edska\u0165 zdarma.. Na stiahnutie Vynikaj\u00faci kresliaci program Na stiahnutie Vynikaj\u00faci program [&hellip;]<!-- AddThis Advanced Settings generic via filter on get_the_excerpt --><!-- AddThis Share Buttons generic via filter on get_the_excerpt --><\/p>\n","protected":false},"author":1,"featured_media":0,"parent":0,"menu_order":0,"comment_status":"closed","ping_status":"closed","template":"","meta":{"footnotes":""},"class_list":["post-427","page","type-page","status-publish","hentry"],"_links":{"self":[{"href":"https:\/\/www.ovladampocitace.sk\/wordpress-6\/index.php?rest_route=\/wp\/v2\/pages\/427","targetHints":{"allow":["GET"]}}],"collection":[{"href":"https:\/\/www.ovladampocitace.sk\/wordpress-6\/index.php?rest_route=\/wp\/v2\/pages"}],"about":[{"href":"https:\/\/www.ovladampocitace.sk\/wordpress-6\/index.php?rest_route=\/wp\/v2\/types\/page"}],"author":[{"embeddable":true,"href":"https:\/\/www.ovladampocitace.sk\/wordpress-6\/index.php?rest_route=\/wp\/v2\/users\/1"}],"replies":[{"embeddable":true,"href":"https:\/\/www.ovladampocitace.sk\/wordpress-6\/index.php?rest_route=%2Fwp%2Fv2%2Fcomments&post=427"}],"version-history":[{"count":19,"href":"https:\/\/www.ovladampocitace.sk\/wordpress-6\/index.php?rest_route=\/wp\/v2\/pages\/427\/revisions"}],"predecessor-version":[{"id":1527,"href":"https:\/\/www.ovladampocitace.sk\/wordpress-6\/index.php?rest_route=\/wp\/v2\/pages\/427\/revisions\/1527"}],"wp:attachment":[{"href":"https:\/\/www.ovladampocitace.sk\/wordpress-6\/index.php?rest_route=%2Fwp%2Fv2%2Fmedia&parent=427"}],"curies":[{"name":"wp","href":"https:\/\/api.w.org\/{rel}","templated":true}]}}