{"id":381,"date":"2015-07-16T09:53:02","date_gmt":"2015-07-16T09:53:02","guid":{"rendered":"https:\/\/www.ovladampocitace.sk\/wordpress-6\/?page_id=381"},"modified":"2019-01-09T12:39:49","modified_gmt":"2019-01-09T10:39:49","slug":"chcete-svoju-e-shop","status":"publish","type":"page","link":"https:\/\/www.ovladampocitace.sk\/wordpress-6\/?page_id=381","title":{"rendered":"Chcete svoj E-Shop ?"},"content":{"rendered":"<table align=\"center\" border=\"0\" cellpadding=\"1\" cellspacing=\"1\" style=\"width: 500px;\">\n<tbody>\n<tr>\n<td>\n\t\t\t\t&nbsp;\n\t\t\t<\/td>\n<td style=\"text-align: center;\">\n\t\t\t\t&nbsp;\n\t\t\t<\/td>\n<td>\n\t\t\t\t&nbsp;\n\t\t\t<\/td>\n<\/tr>\n<tr>\n<td>\n\t\t\t\t&nbsp;\n\t\t\t<\/td>\n<td style=\"text-align: center;\">\n\t\t\t\t<a href=\"https:\/\/www.ovladampocitace.sk\/wordpress-6\/wp-content\/uploads\/2014\/12\/technician.jpg\" rel=\"\" style=\"\" target=\"\" title=\"\"><img loading=\"lazy\" decoding=\"async\" alt=\"technician\" class=\"size-medium wp-image-51 aligncenter\" height=\"131\" src=\"https:\/\/www.ovladampocitace.sk\/wordpress-6\/wp-content\/uploads\/2014\/12\/technician-300x273.jpg\" style=\"\" title=\"\" width=\"144\" srcset=\"https:\/\/www.ovladampocitace.sk\/wordpress-6\/wp-content\/uploads\/2014\/12\/technician-300x273.jpg 300w, https:\/\/www.ovladampocitace.sk\/wordpress-6\/wp-content\/uploads\/2014\/12\/technician.jpg 362w\" sizes=\"auto, (max-width: 144px) 100vw, 144px\" \/><\/a>\n\t\t\t<\/td>\n<td>\n\t\t\t\t&nbsp;\n\t\t\t<\/td>\n<\/tr>\n<tr>\n<td>\n\t\t\t\t&nbsp;\n\t\t\t<\/td>\n<td style=\"text-align: center;\">\n\t\t\t\t&nbsp;\n\t\t\t<\/td>\n<td>\n\t\t\t\t&nbsp;\n\t\t\t<\/td>\n<\/tr>\n<tr>\n<td>\n\t\t\t\t&nbsp;\n\t\t\t<\/td>\n<td style=\"text-align: center;\">\n<p>\n\t\t\t\t\t&nbsp;\n\t\t\t\t<\/p>\n<h2>\n\t\t\t\t\t<span style=\"color:#000080;\">Chcete svoj E-Shop ?<\/span><br \/>\n\t\t\t\t<\/h2>\n<p>\n\t\t\t\t\t&nbsp;\n\t\t\t\t<\/p>\n<p>\n\t\t\t\t\tPom&ocirc;\u017eem V&aacute;m vytvori\u0165 kr&aacute;sny E-Shop,&nbsp;\n\t\t\t\t<\/p>\n<p>\n\t\t\t\t\ttie\u017a V&aacute;m pom&ocirc;\u017aem a porad&iacute;m ho umiestni\u0165.\n\t\t\t\t<\/p>\n<p>\n\t\t\t\t\t&nbsp;\n\t\t\t\t<\/p>\n<p style=\"text-align: left;\">\n\t\t\t\t\t&nbsp;\n\t\t\t\t<\/p>\n<p style=\"text-align: left;\">\n\t\t\t\t\tPonuknem V&aacute;m&nbsp;viacere mo\u017enosti:\n\t\t\t\t<\/p>\n<ol>\n<li style=\"text-align: left;\">\n\t\t\t\t\t\tPrejdeme si V&aacute;&scaron; n&aacute;vrh a vyt&yacute;\u010dime si cie\u013e&nbsp;\n\t\t\t\t\t<\/li>\n<li style=\"text-align: left;\">\n\t\t\t\t\t\tPrejdeme Va\u015be finan\u010dn&eacute; mo\u017enosti\n\t\t\t\t\t<\/li>\n<\/ol>\n<p>\n\t\t\t\t\t&nbsp;\n\t\t\t\t<\/p>\n<p>\n\t\t\t\t\t<span style=\"font-size:18px;\"><span style=\"color:#A52A2A;\">Ako na to ? <\/span><\/span>\n\t\t\t\t<\/p>\n<p>\n\t\t\t\t\tSta\u010d&iacute; zavola\u0165 alebo napisa\u0165 majl&iacute;k.\n\t\t\t\t<\/p>\n<p style=\"text-align: left;\">\n\t\t\t\t\t&nbsp;\n\t\t\t\t<\/p>\n<\/td>\n<td>\n\t\t\t\t&nbsp;\n\t\t\t<\/td>\n<\/tr>\n<tr>\n<td>\n\t\t\t\t&nbsp;\n\t\t\t<\/td>\n<td style=\"text-align: center;\">\n\t\t\t\t&nbsp;\n\t\t\t<\/td>\n<td>\n\t\t\t\t&nbsp;\n\t\t\t<\/td>\n<\/tr>\n<\/tbody>\n<\/table>\n<p>\n\t&nbsp;<\/p>\n<!-- AddThis Advanced Settings generic via filter on the_content --><!-- AddThis Share Buttons generic via filter on the_content -->","protected":false},"excerpt":{"rendered":"<p>&nbsp; &nbsp; &nbsp; &nbsp; &nbsp; &nbsp; &nbsp; &nbsp; &nbsp; &nbsp; Chcete svoj E-Shop ? &nbsp; Pom&ocirc;\u017eem V&aacute;m vytvori\u0165 kr&aacute;sny E-Shop,&nbsp; tie\u017a V&aacute;m pom&ocirc;\u017aem a porad&iacute;m ho umiestni\u0165. &nbsp; &nbsp; Ponuknem V&aacute;m&nbsp;viacere mo\u017enosti: Prejdeme si V&aacute;&scaron; n&aacute;vrh a vyt&yacute;\u010dime si cie\u013e&nbsp; Prejdeme Va\u015be finan\u010dn&eacute; mo\u017enosti &nbsp; Ako na to ? Sta\u010d&iacute; zavola\u0165 alebo napisa\u0165 majl&iacute;k. &nbsp; [&hellip;]<!-- AddThis Advanced Settings generic via filter on get_the_excerpt --><!-- AddThis Share Buttons generic via filter on get_the_excerpt --><\/p>\n","protected":false},"author":1,"featured_media":0,"parent":0,"menu_order":0,"comment_status":"open","ping_status":"open","template":"","meta":{"footnotes":""},"class_list":["post-381","page","type-page","status-publish","hentry"],"_links":{"self":[{"href":"https:\/\/www.ovladampocitace.sk\/wordpress-6\/index.php?rest_route=\/wp\/v2\/pages\/381","targetHints":{"allow":["GET"]}}],"collection":[{"href":"https:\/\/www.ovladampocitace.sk\/wordpress-6\/index.php?rest_route=\/wp\/v2\/pages"}],"about":[{"href":"https:\/\/www.ovladampocitace.sk\/wordpress-6\/index.php?rest_route=\/wp\/v2\/types\/page"}],"author":[{"embeddable":true,"href":"https:\/\/www.ovladampocitace.sk\/wordpress-6\/index.php?rest_route=\/wp\/v2\/users\/1"}],"replies":[{"embeddable":true,"href":"https:\/\/www.ovladampocitace.sk\/wordpress-6\/index.php?rest_route=%2Fwp%2Fv2%2Fcomments&post=381"}],"version-history":[{"count":5,"href":"https:\/\/www.ovladampocitace.sk\/wordpress-6\/index.php?rest_route=\/wp\/v2\/pages\/381\/revisions"}],"predecessor-version":[{"id":389,"href":"https:\/\/www.ovladampocitace.sk\/wordpress-6\/index.php?rest_route=\/wp\/v2\/pages\/381\/revisions\/389"}],"wp:attachment":[{"href":"https:\/\/www.ovladampocitace.sk\/wordpress-6\/index.php?rest_route=%2Fwp%2Fv2%2Fmedia&parent=381"}],"curies":[{"name":"wp","href":"https:\/\/api.w.org\/{rel}","templated":true}]}}