{"id":375,"date":"2015-07-16T09:46:59","date_gmt":"2015-07-16T09:46:59","guid":{"rendered":"https:\/\/www.ovladampocitace.sk\/wordpress-6\/?page_id=375"},"modified":"2020-08-25T10:42:19","modified_gmt":"2020-08-25T08:42:19","slug":"chcete-svoju-web-stranku","status":"publish","type":"page","link":"https:\/\/www.ovladampocitace.sk\/wordpress-6\/?page_id=375","title":{"rendered":"Chcete svoju WEB str\u00e1nku ?"},"content":{"rendered":"<table style=\"width: 90%;\" border=\"0\" cellspacing=\"1\" cellpadding=\"1\" align=\"center\">\n<tbody>\n<tr>\n<td><\/td>\n<td style=\"text-align: center;\"><\/td>\n<td><\/td>\n<\/tr>\n<tr>\n<td><\/td>\n<td style=\"text-align: center;\"><a title=\"\" href=\"https:\/\/www.ovladampocitace.sk\/wordpress-6\/wp-content\/uploads\/2014\/12\/technician.jpg\" target=\"\" rel=\"noopener noreferrer\"><img loading=\"lazy\" decoding=\"async\" class=\"size-medium wp-image-51 aligncenter\" title=\"\" src=\"https:\/\/www.ovladampocitace.sk\/wordpress-6\/wp-content\/uploads\/2014\/12\/technician-300x273.jpg\" alt=\"technician\" width=\"144\" height=\"131\" srcset=\"https:\/\/www.ovladampocitace.sk\/wordpress-6\/wp-content\/uploads\/2014\/12\/technician-300x273.jpg 300w, https:\/\/www.ovladampocitace.sk\/wordpress-6\/wp-content\/uploads\/2014\/12\/technician.jpg 362w\" sizes=\"auto, (max-width: 144px) 100vw, 144px\" \/><\/a><\/td>\n<td><\/td>\n<\/tr>\n<tr>\n<td><\/td>\n<td style=\"text-align: center;\"><\/td>\n<td><\/td>\n<\/tr>\n<tr>\n<td><\/td>\n<td style=\"text-align: center;\">\n<h2><span style=\"color: #000080;\">Chcete svoju WEB str\u00e1nku ?<\/span><\/h2>\n<p>&nbsp;<\/p>\n<p>Pom\u00f4\u017eem V\u00e1m vytvori\u0165 kr\u00e1snu WEB str\u00e1nku,<\/p>\n<p>tie\u017a V\u00e1m pom\u00f4\u017aem a porad\u00edm kde ju umiestni\u0165.<\/p>\n<p>&nbsp;<\/p>\n<p style=\"text-align: left;\">\n<p style=\"text-align: left; padding-left: 280px;\">Ponuknem V\u00e1m\u00a0viacere mo\u017enosti:<\/p>\n<ol>\n<li style=\"list-style-type: none;\">\n<ol>\n<li style=\"list-style-type: none;\">\n<ol>\n<li style=\"list-style-type: none;\">\n<ol>\n<li style=\"list-style-type: none;\">\n<ol>\n<li style=\"list-style-type: none;\">\n<ol>\n<li style=\"list-style-type: none;\">\n<ol>\n<li style=\"list-style-type: none;\">\n<ol>\n<li style=\"text-align: left;\">Prejdeme si V\u00e1\u0161 n\u00e1vrh a vyt\u00fd\u010dime si cie\u013e<\/li>\n<li style=\"text-align: left;\">Prejdeme Va\u015be finan\u010dn\u00e9 mo\u017enosti<\/li>\n<\/ol>\n<\/li>\n<\/ol>\n<\/li>\n<\/ol>\n<\/li>\n<\/ol>\n<\/li>\n<\/ol>\n<\/li>\n<\/ol>\n<\/li>\n<\/ol>\n<\/li>\n<\/ol>\n<p>&nbsp;<\/p>\n<p><span style=\"font-size: 18px;\"><span style=\"color: #a52a2a;\">Ako na to ? <\/span><\/span><\/p>\n<p>Sta\u010d\u00ed zavola\u0165 alebo napisa\u0165 majl\u00edk.<\/p>\n<p style=\"text-align: left;\">\n<\/td>\n<td><\/td>\n<\/tr>\n<tr>\n<td><\/td>\n<td style=\"text-align: center;\"><\/td>\n<td><\/td>\n<\/tr>\n<\/tbody>\n<\/table>\n<p>&nbsp;<\/p>\n<!-- AddThis Advanced Settings generic via filter on the_content --><!-- AddThis Share Buttons generic via filter on the_content -->","protected":false},"excerpt":{"rendered":"<p>Chcete svoju WEB str\u00e1nku ? &nbsp; Pom\u00f4\u017eem V\u00e1m vytvori\u0165 kr\u00e1snu WEB str\u00e1nku, tie\u017a V\u00e1m pom\u00f4\u017aem a porad\u00edm kde ju umiestni\u0165. &nbsp; Ponuknem V\u00e1m\u00a0viacere mo\u017enosti: Prejdeme si V\u00e1\u0161 n\u00e1vrh a vyt\u00fd\u010dime si cie\u013e Prejdeme Va\u015be finan\u010dn\u00e9 mo\u017enosti &nbsp; Ako na to ? Sta\u010d\u00ed zavola\u0165 alebo napisa\u0165 majl\u00edk. &nbsp;<!-- AddThis Advanced Settings generic via filter on get_the_excerpt --><!-- AddThis Share Buttons generic via filter on get_the_excerpt --><\/p>\n","protected":false},"author":1,"featured_media":0,"parent":0,"menu_order":0,"comment_status":"open","ping_status":"open","template":"","meta":{"footnotes":""},"class_list":["post-375","page","type-page","status-publish","hentry"],"_links":{"self":[{"href":"https:\/\/www.ovladampocitace.sk\/wordpress-6\/index.php?rest_route=\/wp\/v2\/pages\/375","targetHints":{"allow":["GET"]}}],"collection":[{"href":"https:\/\/www.ovladampocitace.sk\/wordpress-6\/index.php?rest_route=\/wp\/v2\/pages"}],"about":[{"href":"https:\/\/www.ovladampocitace.sk\/wordpress-6\/index.php?rest_route=\/wp\/v2\/types\/page"}],"author":[{"embeddable":true,"href":"https:\/\/www.ovladampocitace.sk\/wordpress-6\/index.php?rest_route=\/wp\/v2\/users\/1"}],"replies":[{"embeddable":true,"href":"https:\/\/www.ovladampocitace.sk\/wordpress-6\/index.php?rest_route=%2Fwp%2Fv2%2Fcomments&post=375"}],"version-history":[{"count":7,"href":"https:\/\/www.ovladampocitace.sk\/wordpress-6\/index.php?rest_route=\/wp\/v2\/pages\/375\/revisions"}],"predecessor-version":[{"id":1329,"href":"https:\/\/www.ovladampocitace.sk\/wordpress-6\/index.php?rest_route=\/wp\/v2\/pages\/375\/revisions\/1329"}],"wp:attachment":[{"href":"https:\/\/www.ovladampocitace.sk\/wordpress-6\/index.php?rest_route=%2Fwp%2Fv2%2Fmedia&parent=375"}],"curies":[{"name":"wp","href":"https:\/\/api.w.org\/{rel}","templated":true}]}}