{"id":369,"date":"2015-07-16T09:34:24","date_gmt":"2015-07-16T09:34:24","guid":{"rendered":"https:\/\/www.ovladampocitace.sk\/wordpress-6\/?page_id=369"},"modified":"2020-08-25T10:40:28","modified_gmt":"2020-08-25T08:40:28","slug":"mate-problemy-s-vasim-pocitacom","status":"publish","type":"page","link":"https:\/\/www.ovladampocitace.sk\/wordpress-6\/?page_id=369","title":{"rendered":"M\u00e1te probl\u00e9my s Va\u0161\u00edm po\u0107\u00edta\u010dom ?"},"content":{"rendered":"<table style=\"width: 90%;\" border=\"0\" cellspacing=\"1\" cellpadding=\"1\" align=\"center\">\n<tbody>\n<tr>\n<td style=\"text-align: center;\"><\/td>\n<\/tr>\n<tr>\n<td style=\"text-align: center;\"><a title=\"\" href=\"https:\/\/www.ovladampocitace.sk\/wordpress-6\/wp-content\/uploads\/2014\/12\/technician.jpg\" target=\"\" rel=\"noopener noreferrer\"><img loading=\"lazy\" decoding=\"async\" class=\"size-medium wp-image-51 aligncenter\" title=\"\" src=\"https:\/\/www.ovladampocitace.sk\/wordpress-6\/wp-content\/uploads\/2014\/12\/technician-300x273.jpg\" alt=\"technician\" width=\"144\" height=\"131\" srcset=\"https:\/\/www.ovladampocitace.sk\/wordpress-6\/wp-content\/uploads\/2014\/12\/technician-300x273.jpg 300w, https:\/\/www.ovladampocitace.sk\/wordpress-6\/wp-content\/uploads\/2014\/12\/technician.jpg 362w\" sizes=\"auto, (max-width: 144px) 100vw, 144px\" \/><\/a><\/td>\n<\/tr>\n<tr>\n<td style=\"text-align: center;\"><\/td>\n<\/tr>\n<tr>\n<td style=\"text-align: center;\">&nbsp;<\/p>\n<p><span style=\"color: #000080;\"><span style=\"font-size: 18px;\">M\u00e1te probl\u00e9my s Va\u0161\u00edm po\u0107\u00edta\u010dom ?<\/span><\/span><\/p>\n<p>Zd\u00e1 sa V\u00e1m \u017ee sa V\u00e1\u0161 po\u010d\u00edta\u010d\u00a0dajako fl\u00e1ka ?<\/p>\n<p>&nbsp;<\/p>\n<p>Odborne ho prezriem a poskytnem n\u00e1pravu, \u010di u\u017e oh\u013eadom<\/p>\n<p>softv\u00e9ru ( programov )<\/p>\n<p>alebo<\/p>\n<p>hardv\u00e9ru ( techniky)<\/p>\n<p style=\"text-align: left;\">Ponuknem V\u00e1m\u00a0viacere mo\u017enosti n\u00e1pravy:<\/p>\n<ol>\n<li style=\"text-align: left;\">Pre\u010distenie po\u010dita\u010da od prebyto\u010dn\u00fdch programov, ktor\u00e9 spoma\u013euj\u00fa chod po\u010d\u00edta\u010da a spr\u00e1vne nastavenie V\u00e1\u0161ho opera\u010dn\u00e9ho syst\u00e9mu<\/li>\n<li style=\"text-align: left;\">Vytipovanie mo\u017en\u00fdch konfliktov a ich n\u00e1pravu<\/li>\n<li style=\"text-align: left;\">Pos\u00fadenie zmeny p\u0155ipadne v\u00fdmeny technick\u00e9ho vybavenia po\u010d\u00edta\u010da ( hardv\u00e9ru )<\/li>\n<li style=\"text-align: left;\">Spolu s firmou Marvil. s.r.o. V\u00e1m uprav\u00edme po\u010d\u00edta\u0107 pod\u013ea Va\u0161ich predstav po technickej str\u00e1nke<\/li>\n<\/ol>\n<p>&nbsp;<\/p>\n<p><span style=\"font-size: 18px;\"><span style=\"color: #a52a2a;\">Ako na to ? <\/span><\/span><\/p>\n<p>Sta\u010d\u00ed zavola\u0165 alebo napisa\u0165 majl\u00edk.<\/p>\n<ul>\n<li style=\"text-align: left;\">Jednoduch\u015bie veci priamo u V\u00e1s alebo u\u00a0 n\u00e1s<\/li>\n<li style=\"text-align: left;\">Zlo\u017eitej\u0161ie, \u0107asovon\u00e1ro\u010dn\u00e9 a \u00fapravy techniky u n\u00e1s<\/li>\n<\/ul>\n<\/td>\n<\/tr>\n<tr>\n<td style=\"text-align: center;\"><\/td>\n<\/tr>\n<\/tbody>\n<\/table>\n<p>&nbsp;<\/p>\n<!-- AddThis Advanced Settings generic via filter on the_content --><!-- AddThis Share Buttons generic via filter on the_content -->","protected":false},"excerpt":{"rendered":"<p>&nbsp; M\u00e1te probl\u00e9my s Va\u0161\u00edm po\u0107\u00edta\u010dom ? Zd\u00e1 sa V\u00e1m \u017ee sa V\u00e1\u0161 po\u010d\u00edta\u010d\u00a0dajako fl\u00e1ka ? &nbsp; Odborne ho prezriem a poskytnem n\u00e1pravu, \u010di u\u017e oh\u013eadom softv\u00e9ru ( programov ) alebo hardv\u00e9ru ( techniky) Ponuknem V\u00e1m\u00a0viacere mo\u017enosti n\u00e1pravy: Pre\u010distenie po\u010dita\u010da od prebyto\u010dn\u00fdch programov, ktor\u00e9 spoma\u013euj\u00fa chod po\u010d\u00edta\u010da a spr\u00e1vne nastavenie V\u00e1\u0161ho opera\u010dn\u00e9ho syst\u00e9mu Vytipovanie mo\u017en\u00fdch [&hellip;]<!-- AddThis Advanced Settings generic via filter on get_the_excerpt --><!-- AddThis Share Buttons generic via filter on get_the_excerpt --><\/p>\n","protected":false},"author":1,"featured_media":0,"parent":0,"menu_order":0,"comment_status":"open","ping_status":"open","template":"","meta":{"footnotes":""},"class_list":["post-369","page","type-page","status-publish","hentry"],"_links":{"self":[{"href":"https:\/\/www.ovladampocitace.sk\/wordpress-6\/index.php?rest_route=\/wp\/v2\/pages\/369","targetHints":{"allow":["GET"]}}],"collection":[{"href":"https:\/\/www.ovladampocitace.sk\/wordpress-6\/index.php?rest_route=\/wp\/v2\/pages"}],"about":[{"href":"https:\/\/www.ovladampocitace.sk\/wordpress-6\/index.php?rest_route=\/wp\/v2\/types\/page"}],"author":[{"embeddable":true,"href":"https:\/\/www.ovladampocitace.sk\/wordpress-6\/index.php?rest_route=\/wp\/v2\/users\/1"}],"replies":[{"embeddable":true,"href":"https:\/\/www.ovladampocitace.sk\/wordpress-6\/index.php?rest_route=%2Fwp%2Fv2%2Fcomments&post=369"}],"version-history":[{"count":7,"href":"https:\/\/www.ovladampocitace.sk\/wordpress-6\/index.php?rest_route=\/wp\/v2\/pages\/369\/revisions"}],"predecessor-version":[{"id":1327,"href":"https:\/\/www.ovladampocitace.sk\/wordpress-6\/index.php?rest_route=\/wp\/v2\/pages\/369\/revisions\/1327"}],"wp:attachment":[{"href":"https:\/\/www.ovladampocitace.sk\/wordpress-6\/index.php?rest_route=%2Fwp%2Fv2%2Fmedia&parent=369"}],"curies":[{"name":"wp","href":"https:\/\/api.w.org\/{rel}","templated":true}]}}