{"id":346,"date":"2015-07-03T08:59:32","date_gmt":"2015-07-03T08:59:32","guid":{"rendered":"https:\/\/www.ovladampocitace.sk\/wordpress-6\/?page_id=346"},"modified":"2024-04-08T18:40:15","modified_gmt":"2024-04-08T16:40:15","slug":"co-ponukam","status":"publish","type":"page","link":"https:\/\/www.ovladampocitace.sk\/wordpress-6\/","title":{"rendered":"Moja ponuka &#8230;"},"content":{"rendered":"<table style=\"width: 100%;\" border=\"0\" cellspacing=\"1\" cellpadding=\"1\" align=\"center\">\n<tbody>\n<tr>\n<td><\/td>\n<td style=\"text-align: center;\"><div class=\"content_block\" id=\"custom_post_widget-1003\"><p style=\"text-align: center;\"><span style=\"font-size: 16px;\"><span style=\"color: #ff0000;\"><strong>** Akualizovan\u00e9:\u00a0 24.1.2026 **<\/strong><\/span><\/span><\/p>\n<!-- AddThis Advanced Settings generic via filter on the_content --><!-- AddThis Share Buttons generic via filter on the_content --><\/div><\/td>\n<td><\/td>\n<\/tr>\n<tr>\n<td><\/td>\n<td style=\"text-align: center;\"><a title=\"\" href=\"https:\/\/www.ovladampocitace.sk\/wordpress-6\/wp-content\/uploads\/2014\/12\/technician.jpg\" target=\"\" rel=\"noopener noreferrer\"><img loading=\"lazy\" decoding=\"async\" title=\"\" src=\"https:\/\/www.ovladampocitace.sk\/wordpress-6\/wp-content\/uploads\/2014\/12\/technician-300x273.jpg\" alt=\"technician\" width=\"144\" height=\"131\" \/><\/a><\/td>\n<td><\/td>\n<\/tr>\n<tr>\n<td><\/td>\n<td style=\"text-align: center;\"><\/td>\n<td><\/td>\n<\/tr>\n<tr>\n<td><\/td>\n<td style=\"text-align: center;\">&nbsp;<\/p>\n<p><strong><a href=\"https:\/\/www.ovladampocitace.sk\/wordpress-6\/?page_id=369\">M\u00e1te probl\u00e9my s Va\u0161\u00edm po\u0107\u00edta\u010dom ?<\/a><\/strong><\/p>\n<p><strong><a href=\"https:\/\/www.ovladampocitace.sk\/wordpress-6\/?page_id=375\">Chcete svoju WEB str\u00e1nku ?<\/a><\/strong><\/p>\n<p><strong><a href=\"https:\/\/www.ovladampocitace.sk\/wordpress-6\/?page_id=381\">Chcete svoj E-Shop ?<\/a><\/strong><\/p>\n<p><strong><a href=\"https:\/\/www.ovladampocitace.sk\/wordpress-6\/?page_id=480\">Potrebujete po\u010d\u00edta\u010d\u00a0?<\/a><\/strong><\/p>\n<p>&nbsp;<\/p>\n<p><strong><a href=\"https:\/\/www.ovladampocitace.sk\/wordpress-6\/?page_id=47\">Kontakt na m\u0148a<\/a><\/strong><\/p>\n<p><strong><a href=\"https:\/\/www.ovladampocitace.sk\/wordpress-6\/?page_id=1597\">Uk\u00e1\u017eka mojich webovsk\u00fdch projektov<\/a><\/strong><\/td>\n<td><\/td>\n<\/tr>\n<tr>\n<td><\/td>\n<td style=\"text-align: center;\"><\/td>\n<td><\/td>\n<\/tr>\n<tr>\n<td><\/td>\n<td style=\"text-align: center;\">&nbsp;<\/p>\n<p><a href=\"https:\/\/www.ovladampocitace.sk\/wordpress-6\/?page_id=427\"><strong>Nechcete u\u017e\u00a0plati\u0165 za drah\u00fd \u00a0Word, \u00a0Excel a podobne<\/strong><\/a><strong><a href=\"https:\/\/www.ovladampocitace.sk\/wordpress-6\/?page_id=369\">\u00a0?<\/a><\/strong><\/p>\n<p>&nbsp;<\/td>\n<td><\/td>\n<\/tr>\n<tr>\n<td><\/td>\n<td style=\"text-align: center;\"><\/td>\n<td><\/td>\n<\/tr>\n<\/tbody>\n<\/table>\n<p>&nbsp;<\/p>\n<p style=\"text-align: center;\">\n<p style=\"text-align: center;\"><strong>E-Mail:\u00a0 \u00a0<a href=\"mailto:mariansladek@gmail.com\" target=\"_blank\" rel=\"noopener\">mariansladek@gmail.com<\/a>,\u00a0 <a href=\"mailto:ovladampocitacesk@gmail.com\" target=\"_blank\" rel=\"noopener\">ovladampocitacesk@gmail.com<\/a><\/strong><\/p>\n","protected":false},"excerpt":{"rendered":"<p>&nbsp; M\u00e1te probl\u00e9my s Va\u0161\u00edm po\u0107\u00edta\u010dom ? Chcete svoju WEB str\u00e1nku ? Chcete svoj E-Shop ? Potrebujete po\u010d\u00edta\u010d\u00a0? &nbsp; Kontakt na m\u0148a Uk\u00e1\u017eka mojich webovsk\u00fdch projektov &nbsp; Nechcete u\u017e\u00a0plati\u0165 za drah\u00fd \u00a0Word, \u00a0Excel a podobne\u00a0? &nbsp; &nbsp; E-Mail:\u00a0 \u00a0mariansladek@gmail.com,\u00a0 ovladampocitacesk@gmail.com<!-- AddThis Advanced Settings generic via filter on get_the_excerpt --><!-- AddThis Share Buttons generic via filter on get_the_excerpt --><\/p>\n","protected":false},"author":1,"featured_media":0,"parent":0,"menu_order":0,"comment_status":"closed","ping_status":"closed","template":"","meta":{"footnotes":""},"class_list":["post-346","page","type-page","status-publish","hentry"],"_links":{"self":[{"href":"https:\/\/www.ovladampocitace.sk\/wordpress-6\/index.php?rest_route=\/wp\/v2\/pages\/346","targetHints":{"allow":["GET"]}}],"collection":[{"href":"https:\/\/www.ovladampocitace.sk\/wordpress-6\/index.php?rest_route=\/wp\/v2\/pages"}],"about":[{"href":"https:\/\/www.ovladampocitace.sk\/wordpress-6\/index.php?rest_route=\/wp\/v2\/types\/page"}],"author":[{"embeddable":true,"href":"https:\/\/www.ovladampocitace.sk\/wordpress-6\/index.php?rest_route=\/wp\/v2\/users\/1"}],"replies":[{"embeddable":true,"href":"https:\/\/www.ovladampocitace.sk\/wordpress-6\/index.php?rest_route=%2Fwp%2Fv2%2Fcomments&post=346"}],"version-history":[{"count":90,"href":"https:\/\/www.ovladampocitace.sk\/wordpress-6\/index.php?rest_route=\/wp\/v2\/pages\/346\/revisions"}],"predecessor-version":[{"id":1840,"href":"https:\/\/www.ovladampocitace.sk\/wordpress-6\/index.php?rest_route=\/wp\/v2\/pages\/346\/revisions\/1840"}],"wp:attachment":[{"href":"https:\/\/www.ovladampocitace.sk\/wordpress-6\/index.php?rest_route=%2Fwp%2Fv2%2Fmedia&parent=346"}],"curies":[{"name":"wp","href":"https:\/\/api.w.org\/{rel}","templated":true}]}}