{"id":1597,"date":"2022-01-18T16:42:11","date_gmt":"2022-01-18T14:42:11","guid":{"rendered":"https:\/\/www.ovladampocitace.sk\/wordpress-6\/?page_id=1597"},"modified":"2022-01-18T16:42:11","modified_gmt":"2022-01-18T14:42:11","slug":"ukazka-mojich-webovskych-projektov","status":"publish","type":"page","link":"https:\/\/www.ovladampocitace.sk\/wordpress-6\/?page_id=1597","title":{"rendered":"Uk\u00e1\u017eka mojich webovsk\u00fdch projektov"},"content":{"rendered":"<h3><\/h3>\n<h3 style=\"text-align: center;\"><a href=\"https:\/\/www.ovladampocitace.sk\/ovladampocitace.html\" target=\"_blank\" rel=\"noopener\">www.ovladampocitace.sk<\/a><\/p>\n<p><a href=\"https:\/\/www.ovladampocitace.sk\/wordpress-0\" target=\"_blank\" rel=\"noopener\">www.ovladampocitace.sk\/wordpress-0<\/a><br \/>\n<a href=\"https:\/\/www.ovladampocitace.sk\/wordpress-1\" target=\"_blank\" rel=\"noopener\">www.ovladampocitace.sk\/wordpress-1<\/a><br \/>\n<a href=\"https:\/\/www.ovladampocitace.sk\/wordpress-2\" target=\"_blank\" rel=\"noopener\">www.ovladampocitace.sk\/wordpress-2<\/a><br \/>\n<a href=\"https:\/\/www.ovladampocitace.sk\/wordpress-3\" target=\"_blank\" rel=\"noopener\">www.ovladampocitace.sk\/wordpress-3<\/a><br \/>\n<a href=\"https:\/\/www.ovladampocitace.sk\/wordpress-6\" target=\"_blank\" rel=\"noopener\">www.ovladampocitace.sk\/wordpress-4<\/a><br \/>\n<a href=\"https:\/\/www.ovladampocitace.sk\/wordpress-5\" target=\"_blank\" rel=\"noopener\">www.ovladampocitace.sk\/wordpress-5<\/a><br \/>\n<a href=\"https:\/\/www.ovladampocitace.sk\/wordpress-6\" target=\"_blank\" rel=\"noopener\">www.ovladampocitace.sk\/wordpress-6<\/a><br \/>\n<a href=\"https:\/\/www.ovladampocitace.sk\/wordpress-7\" target=\"_blank\" rel=\"noopener\">www.ovladampocitace.sk\/wordpress-7<\/a><br \/>\n<a href=\"https:\/\/www.ovladampocitace.sk\/wordpress-8\" target=\"_blank\" rel=\"noopener\">www.ovladampocitace.sk\/wordpress-8<\/a><br \/>\n<a href=\"https:\/\/www.ovladampocitace.sk\/wordpress-9\" target=\"_blank\" rel=\"noopener\">www.ovladampocitace.sk\/wordpress-9<\/a><br \/>\n<a href=\"https:\/\/www.ovladampocitace.sk\/wordpress-10\" target=\"_blank\" rel=\"noopener\">www.ovladampocitace.sk\/wordpress-10<\/a><br \/>\n<a href=\"https:\/\/www.ovladampocitace.sk\/wordpress-11\" target=\"_blank\" rel=\"noopener\">www.ovladampocitace.sk\/wordpress-11<\/a><br \/>\n<a href=\"https:\/\/www.ovladampocitace.sk\/wordpress-12\" target=\"_blank\" rel=\"noopener\">www.ovladampocitace.sk\/wordpress-12<\/a><br \/>\n<a href=\"https:\/\/www.ovladampocitace.sk\/wordpress-13\" target=\"_blank\" rel=\"noopener\">www.ovladampocitace.sk\/wordpress-13<\/a><br \/>\n<a href=\"https:\/\/www.ovladampocitace.sk\/wordpress-14\" target=\"_blank\" rel=\"noopener\">www.ovladampocitace.sk\/wordpress-14<\/a><br \/>\n<a href=\"https:\/\/www.ovladampocitace.sk\/wordpress-18\" target=\"_blank\" rel=\"noopener\">www.ovladampocitace.sk\/wordpress-18<\/a><\/p>\n<p><a href=\"https:\/\/www.marvil.sk\/marvil.html\" target=\"_blank\" rel=\"noopener\">www.marvil.sk<\/a><\/p>\n<p><a href=\"https:\/\/www.marvil.sk\/wordpress-0\" target=\"_blank\" rel=\"noopener\">www.marvil.sk\/wordpress-0<\/a><br \/>\n<a href=\"https:\/\/www.marvil.sk\/wordpress-1\" target=\"_blank\" rel=\"noopener\">www.marvil.sk\/wordpress-1<\/a><br \/>\n<a href=\"https:\/\/www.marvil.sk\/wordpress-2\" target=\"_blank\" rel=\"noopener\">www.marvil.sk\/wordpress-2<\/a><br \/>\n<a href=\"https:\/\/www.marvil.sk\/wordpress-3\" target=\"_blank\" rel=\"noopener\">www.marvil.sk\/wordpress-3<\/a><br \/>\n<a href=\"https:\/\/www.marvil.sk\/wordpress-4\" target=\"_blank\" rel=\"noopener\">www.marvil.sk\/wordpress-4<\/a><br \/>\n<a href=\"https:\/\/www.marvil.sk\/wordpress-5\" target=\"_blank\" rel=\"noopener\">www.marvil.sk\/wordpress-5<\/a><br \/>\n<a href=\"https:\/\/www.marvil.sk\/wordpress-6\" target=\"_blank\" rel=\"noopener\">www.marvil.sk\/wordpress-6<\/a><br \/>\n<a href=\"https:\/\/www.marvil.sk\/wordpress-7\" target=\"_blank\" rel=\"noopener\">www.marvil.sk\/wordpress-7<\/a><\/p>\n<p><a href=\"https:\/\/balanceresidence.sk\/wordpress\/\" target=\"_blank\" rel=\"noopener\">https:\/\/balanceresidence.sk\/wordpress\/<\/a><br \/>\n<a href=\"https:\/\/pkcinvest.sk\/wordpress-1\/\" target=\"_blank\" rel=\"noopener\">https:\/\/pkcinvest.sk\/wordpress\/<\/a><\/h3>\n<p>&nbsp;<\/p>\n<!-- AddThis Advanced Settings generic via filter on the_content --><!-- AddThis Share Buttons generic via filter on the_content -->","protected":false},"excerpt":{"rendered":"<p>www.ovladampocitace.sk www.ovladampocitace.sk\/wordpress-0 www.ovladampocitace.sk\/wordpress-1 www.ovladampocitace.sk\/wordpress-2 www.ovladampocitace.sk\/wordpress-3 www.ovladampocitace.sk\/wordpress-4 www.ovladampocitace.sk\/wordpress-5 www.ovladampocitace.sk\/wordpress-6 www.ovladampocitace.sk\/wordpress-7 www.ovladampocitace.sk\/wordpress-8 www.ovladampocitace.sk\/wordpress-9 www.ovladampocitace.sk\/wordpress-10 www.ovladampocitace.sk\/wordpress-11 www.ovladampocitace.sk\/wordpress-12 www.ovladampocitace.sk\/wordpress-13 www.ovladampocitace.sk\/wordpress-14 www.ovladampocitace.sk\/wordpress-18 www.marvil.sk www.marvil.sk\/wordpress-0 www.marvil.sk\/wordpress-1 www.marvil.sk\/wordpress-2 www.marvil.sk\/wordpress-3 www.marvil.sk\/wordpress-4 www.marvil.sk\/wordpress-5 www.marvil.sk\/wordpress-6 www.marvil.sk\/wordpress-7 https:\/\/balanceresidence.sk\/wordpress\/ https:\/\/pkcinvest.sk\/wordpress\/ &nbsp;<!-- AddThis Advanced Settings generic via filter on get_the_excerpt --><!-- AddThis Share Buttons generic via filter on get_the_excerpt --><\/p>\n","protected":false},"author":1,"featured_media":0,"parent":0,"menu_order":0,"comment_status":"closed","ping_status":"closed","template":"","meta":{"footnotes":""},"class_list":["post-1597","page","type-page","status-publish","hentry"],"_links":{"self":[{"href":"https:\/\/www.ovladampocitace.sk\/wordpress-6\/index.php?rest_route=\/wp\/v2\/pages\/1597","targetHints":{"allow":["GET"]}}],"collection":[{"href":"https:\/\/www.ovladampocitace.sk\/wordpress-6\/index.php?rest_route=\/wp\/v2\/pages"}],"about":[{"href":"https:\/\/www.ovladampocitace.sk\/wordpress-6\/index.php?rest_route=\/wp\/v2\/types\/page"}],"author":[{"embeddable":true,"href":"https:\/\/www.ovladampocitace.sk\/wordpress-6\/index.php?rest_route=\/wp\/v2\/users\/1"}],"replies":[{"embeddable":true,"href":"https:\/\/www.ovladampocitace.sk\/wordpress-6\/index.php?rest_route=%2Fwp%2Fv2%2Fcomments&post=1597"}],"version-history":[{"count":1,"href":"https:\/\/www.ovladampocitace.sk\/wordpress-6\/index.php?rest_route=\/wp\/v2\/pages\/1597\/revisions"}],"predecessor-version":[{"id":1598,"href":"https:\/\/www.ovladampocitace.sk\/wordpress-6\/index.php?rest_route=\/wp\/v2\/pages\/1597\/revisions\/1598"}],"wp:attachment":[{"href":"https:\/\/www.ovladampocitace.sk\/wordpress-6\/index.php?rest_route=%2Fwp%2Fv2%2Fmedia&parent=1597"}],"curies":[{"name":"wp","href":"https:\/\/api.w.org\/{rel}","templated":true}]}}