{"id":1460,"date":"2021-09-09T10:50:38","date_gmt":"2021-09-09T08:50:38","guid":{"rendered":"https:\/\/www.ovladampocitace.sk\/wordpress-6\/?page_id=1460"},"modified":"2022-09-23T16:07:25","modified_gmt":"2022-09-23T14:07:25","slug":"recepty","status":"publish","type":"page","link":"https:\/\/www.ovladampocitace.sk\/wordpress-6\/?page_id=1460","title":{"rendered":"Recepty &#8211; Youtube"},"content":{"rendered":"<h4 class=\"title style-scope ytd-video-primary-info-renderer\"><strong>To, \u010do urob\u00edm so zelerom, v\u00e1m vyraz\u00ed dych!\u00a0<\/strong><\/h4>\n<p><a href=\"https:\/\/www.youtube.com\/watch?v=vxhsLJpzD5A\" target=\"_blank\" rel=\"noopener\">1 KEREV\u0130Z YARIM BARDAK NOHUT \u0130LE NEF\u0130S YEMEK TAR\u0130F\u0130 &#8211; YouTube<\/a><\/p>\n<h4><strong>Chicken Parm Mac &#8218;n&#8216; Cheese!<\/strong><\/h4>\n<p><a href=\"https:\/\/www.instagram.com\/p\/CThfm6qCg8p\/?utm_medium=share_sheet\" target=\"_blank\" rel=\"noopener\">Chicken Parm Mac &#8218;n&#8216; Cheese! INGREDIENTS 2 chicken breasts 150g plain flour 1 tsp\u2026\u201c<\/a><\/p>\n<h4 class=\"title style-scope ytd-video-primary-info-renderer\"><strong><span class=\"style-scope yt-formatted-string\" dir=\"auto\">Toto je najchutnej\u0161ie kuracie prsia, ak\u00e9 som kedy jedol!<\/span><\/strong><\/h4>\n<p><a href=\"https:\/\/www.youtube.com\/watch?v=WTXPvCu953Q\" target=\"_blank\" rel=\"noopener\">Das ist die leckerste H\u00e4hnchenbrust, die ich je gegessen habe! Schnelles und g\u00fcnstiges Rezept!<\/a><\/p>\n<h4 class=\"title style-scope ytd-video-primary-info-renderer\"><strong>\u00da\u017easn\u00e9 chutn\u00e9 Tureck\u00e9 vajcia<\/strong><\/h4>\n<p><a href=\"https:\/\/www.youtube.com\/watch?v=nI5v0jWfvvU\" target=\"_blank\" rel=\"noopener\">HUEVOS TURCOS IMPRESIONANTEMENTE DELICIOSOS &#8211; YouTube<\/a><\/p>\n<h4 class=\"title style-scope ytd-video-primary-info-renderer\"><strong>Sta\u010d\u00ed vlo\u017ei\u0165 vaj\u00ed\u010dko do paradajky<\/strong><\/h4>\n<p><a href=\"https:\/\/www.youtube.com\/watch?v=euNDb3kg1KI\" target=\"_blank\" rel=\"noopener\">Legen Sie einfach ein Ei in eine Tomate und Sie werden begeistert sein! Fru\u0308hstu\u0308cksrezept\u00a0<\/a><\/p>\n<h4><strong>Plneny chrbat <\/strong><\/h4>\n<p>pribli\u017ene 2 a pol kila brav\u010dov\u00e9ho kar\u00e9<\/p>\n<p><u>Pr\u00edsady do marin\u00e1dy\u00a0<\/u><br \/>\n3 str\u00fa\u010diky cesnaku pol \u010dajovej ly\u017ei\u010dky tomoillo 1 ly\u017eica petr\u017elenovej v\u0148ate \u0161\u0165ava z polovice pomaran\u010da alebo (40 ml) \u0160\u0165ava z polovice citr\u00f3nu 50 ml olivov\u00e9ho oleja 1 ly\u017eica papriky de la vera alebo sladkej papriky (papriky) pol \u010dajovej ly\u017ei\u010dky mlet\u00e9ho \u010dierneho korenia 2 ly\u017eice medu 200 g grilovacej om\u00e1\u010dky So\u013e<\/p>\n<p><u>Na n\u00e1pl\u0148<\/u><br \/>\n2 cibule 1 mrkva 600 g h\u00fab 4 str\u00fa\u010diky cesnaku olivov\u00fd olej So\u013e 100 g \u0161unky Serrano slanina 100 g hrozienok<\/p>\n<p><a href=\"https:\/\/www.youtube.com\/watch?v=KOjCEOA9lIk\" target=\"_blank\" rel=\"noopener\">LOMO RELLENO PARA NAVIDAD Y FIN DE A\u00d1O Y COMO ABRIR UN LOMO &#8211; YouTube<\/a><\/p>\n<h4><strong>Vypr\u00e1\u017ean\u00e1 kuracia m\u0148amka<\/strong><\/h4>\n<p><a href=\"https:\/\/www.instagram.com\/p\/CTzTvHXIDYN\/?utm_medium=share_sheet\" target=\"_blank\" rel=\"noopener\">FOODE SEARCH na Instagrame: \u201eSave your 4 favourite hassleback recipes\u00a0<\/a><\/p>\n<h4 class=\"title style-scope ytd-video-primary-info-renderer\"><strong>Tureck\u00fd chlieb: najchutnej\u0161\u00ed a naj\u013eah\u0161\u00ed chlieb, ktor\u00fd m\u00f4\u017eete urobi\u0165!\u00a0<\/strong><\/h4>\n<p><a href=\"https:\/\/www.youtube.com\/watch?v=wxuqOb0LHkM&amp;ab_channel=Lina%27n%C4%B1nYemekTarifleri\">EZBER BOZAN YUMU\u015eACIK BALON BAZLAM<\/a><\/p>\n<!-- AddThis Advanced Settings generic via filter on the_content --><!-- AddThis Share Buttons generic via filter on the_content -->","protected":false},"excerpt":{"rendered":"<p>To, \u010do urob\u00edm so zelerom, v\u00e1m vyraz\u00ed dych!\u00a0 1 KEREV\u0130Z YARIM BARDAK NOHUT \u0130LE NEF\u0130S YEMEK TAR\u0130F\u0130 &#8211; YouTube Chicken Parm Mac &#8218;n&#8216; Cheese! Chicken Parm Mac &#8218;n&#8216; Cheese! INGREDIENTS 2 chicken breasts 150g plain flour 1 tsp\u2026\u201c Toto je najchutnej\u0161ie kuracie prsia, ak\u00e9 som kedy jedol! Das ist die leckerste H\u00e4hnchenbrust, die ich je [&hellip;]<!-- AddThis Advanced Settings generic via filter on get_the_excerpt --><!-- AddThis Share Buttons generic via filter on get_the_excerpt --><\/p>\n","protected":false},"author":1,"featured_media":0,"parent":0,"menu_order":0,"comment_status":"closed","ping_status":"closed","template":"","meta":{"footnotes":""},"class_list":["post-1460","page","type-page","status-publish","hentry"],"_links":{"self":[{"href":"https:\/\/www.ovladampocitace.sk\/wordpress-6\/index.php?rest_route=\/wp\/v2\/pages\/1460","targetHints":{"allow":["GET"]}}],"collection":[{"href":"https:\/\/www.ovladampocitace.sk\/wordpress-6\/index.php?rest_route=\/wp\/v2\/pages"}],"about":[{"href":"https:\/\/www.ovladampocitace.sk\/wordpress-6\/index.php?rest_route=\/wp\/v2\/types\/page"}],"author":[{"embeddable":true,"href":"https:\/\/www.ovladampocitace.sk\/wordpress-6\/index.php?rest_route=\/wp\/v2\/users\/1"}],"replies":[{"embeddable":true,"href":"https:\/\/www.ovladampocitace.sk\/wordpress-6\/index.php?rest_route=%2Fwp%2Fv2%2Fcomments&post=1460"}],"version-history":[{"count":27,"href":"https:\/\/www.ovladampocitace.sk\/wordpress-6\/index.php?rest_route=\/wp\/v2\/pages\/1460\/revisions"}],"predecessor-version":[{"id":1765,"href":"https:\/\/www.ovladampocitace.sk\/wordpress-6\/index.php?rest_route=\/wp\/v2\/pages\/1460\/revisions\/1765"}],"wp:attachment":[{"href":"https:\/\/www.ovladampocitace.sk\/wordpress-6\/index.php?rest_route=%2Fwp%2Fv2%2Fmedia&parent=1460"}],"curies":[{"name":"wp","href":"https:\/\/api.w.org\/{rel}","templated":true}]}}