{"id":1444,"date":"2021-08-15T11:03:10","date_gmt":"2021-08-15T09:03:10","guid":{"rendered":"https:\/\/www.ovladampocitace.sk\/wordpress-6\/?page_id=1444"},"modified":"2021-08-15T11:04:24","modified_gmt":"2021-08-15T09:04:24","slug":"mesiace","status":"publish","type":"page","link":"https:\/\/www.ovladampocitace.sk\/wordpress-6\/?page_id=1444","title":{"rendered":"Mesiace"},"content":{"rendered":"<div style=\"text-align: center;\">\u00a01 leden<\/div>\n<div style=\"text-align: center;\">\u00a02 \u00fanor<\/div>\n<div style=\"text-align: center;\">\u00a03 b\u0159ezen<\/div>\n<div style=\"text-align: center;\">\u00a04 duben<\/div>\n<div style=\"text-align: center;\">\u00a05 kv\u011bten<\/div>\n<div style=\"text-align: center;\">\u00a06 \u010derven<\/div>\n<div style=\"text-align: center;\">\u00a07 \u010dervenec<\/div>\n<div style=\"text-align: center;\">\u00a08 srpen<\/div>\n<div style=\"text-align: center;\">\u00a09 z\u00e1\u0159\u00ed<\/div>\n<div style=\"text-align: center;\">10 \u0159\u00edjen<\/div>\n<div style=\"text-align: center;\">11 listopad<\/div>\n<div style=\"text-align: center;\">12 prosinec<\/div>\n<div><\/div>\n<!-- AddThis Advanced Settings generic via filter on the_content --><!-- AddThis Share Buttons generic via filter on the_content -->","protected":false},"excerpt":{"rendered":"<p>\u00a01 leden \u00a02 \u00fanor \u00a03 b\u0159ezen \u00a04 duben \u00a05 kv\u011bten \u00a06 \u010derven \u00a07 \u010dervenec \u00a08 srpen \u00a09 z\u00e1\u0159\u00ed 10 \u0159\u00edjen 11 listopad 12 prosinec<!-- AddThis Advanced Settings generic via filter on get_the_excerpt --><!-- AddThis Share Buttons generic via filter on get_the_excerpt --><\/p>\n","protected":false},"author":1,"featured_media":0,"parent":0,"menu_order":0,"comment_status":"closed","ping_status":"closed","template":"","meta":{"footnotes":""},"class_list":["post-1444","page","type-page","status-publish","hentry"],"_links":{"self":[{"href":"https:\/\/www.ovladampocitace.sk\/wordpress-6\/index.php?rest_route=\/wp\/v2\/pages\/1444","targetHints":{"allow":["GET"]}}],"collection":[{"href":"https:\/\/www.ovladampocitace.sk\/wordpress-6\/index.php?rest_route=\/wp\/v2\/pages"}],"about":[{"href":"https:\/\/www.ovladampocitace.sk\/wordpress-6\/index.php?rest_route=\/wp\/v2\/types\/page"}],"author":[{"embeddable":true,"href":"https:\/\/www.ovladampocitace.sk\/wordpress-6\/index.php?rest_route=\/wp\/v2\/users\/1"}],"replies":[{"embeddable":true,"href":"https:\/\/www.ovladampocitace.sk\/wordpress-6\/index.php?rest_route=%2Fwp%2Fv2%2Fcomments&post=1444"}],"version-history":[{"count":2,"href":"https:\/\/www.ovladampocitace.sk\/wordpress-6\/index.php?rest_route=\/wp\/v2\/pages\/1444\/revisions"}],"predecessor-version":[{"id":1447,"href":"https:\/\/www.ovladampocitace.sk\/wordpress-6\/index.php?rest_route=\/wp\/v2\/pages\/1444\/revisions\/1447"}],"wp:attachment":[{"href":"https:\/\/www.ovladampocitace.sk\/wordpress-6\/index.php?rest_route=%2Fwp%2Fv2%2Fmedia&parent=1444"}],"curies":[{"name":"wp","href":"https:\/\/api.w.org\/{rel}","templated":true}]}}